{"id":7005,"date":"2025-04-07T13:18:15","date_gmt":"2025-04-07T11:18:15","guid":{"rendered":"https:\/\/www.carleearagon.es\/contact\/"},"modified":"2025-04-07T13:18:16","modified_gmt":"2025-04-07T11:18:16","slug":"contact","status":"publish","type":"page","link":"https:\/\/www.carleearagon.es\/fr\/contact\/","title":{"rendered":"Contact"},"content":{"rendered":"<div class=\"wpb-content-wrapper\"><p>[vc_row css_animation=\u00a0\u00bb\u00a0\u00bb row_type=\u00a0\u00bbrow\u00a0\u00bb use_row_as_full_screen_section=\u00a0\u00bbno\u00a0\u00bb type=\u00a0\u00bbgrid\u00a0\u00bb angled_section=\u00a0\u00bbno\u00a0\u00bb text_align=\u00a0\u00bbleft\u00a0\u00bb background_image_as_pattern=\u00a0\u00bbwithout_pattern\u00a0\u00bb z_index=\u00a0\u00bb\u00a0\u00bb background_color=\u00a0\u00bb#96c4c6&Prime; padding_top=\u00a0\u00bb80&Prime; padding_bottom=\u00a0\u00bb50&Prime; background_image=\u00a0\u00bb188&Prime;][vc_column][vc_column_text]<\/p>\n<h1>Contact<\/h1>\n<p>[\/vc_column_text][\/vc_column][\/vc_row][vc_row css_animation=\u00a0\u00bb\u00a0\u00bb row_type=\u00a0\u00bbrow\u00a0\u00bb use_row_as_full_screen_section=\u00a0\u00bbno\u00a0\u00bb type=\u00a0\u00bbgrid\u00a0\u00bb angled_section=\u00a0\u00bbno\u00a0\u00bb text_align=\u00a0\u00bbcenter\u00a0\u00bb background_image_as_pattern=\u00a0\u00bbwithout_pattern\u00a0\u00bb anchor=\u00a0\u00bbabout\u00a0\u00bb padding_top=\u00a0\u00bb100&Prime; z_index=\u00a0\u00bb\u00a0\u00bb padding_bottom=\u00a0\u00bb35&Prime;][vc_column][vc_column_text]<\/p>\n<h2 style=\"text-align: left;\"><b>Et si on parlait ?<\/b><\/h2>\n<p>[\/vc_column_text][vc_separator type=\u00a0\u00bbsmall\u00a0\u00bb position=\u00a0\u00bbleft\u00a0\u00bb color=\u00a0\u00bb#96c4c6&Prime; thickness=\u00a0\u00bb5&Prime; width=\u00a0\u00bb50&Prime; up=\u00a0\u00bb8&Prime; down=\u00a0\u00bb8&Prime;][vc_column_text]<\/p>\n<p class=\"p1\" style=\"text-align: left;\">On veut d&rsquo;aider \u00e0 continuer ta formation<\/p>\n<p>[\/vc_column_text][\/vc_column][\/vc_row][vc_row css_animation=\u00a0\u00bb\u00a0\u00bb row_type=\u00a0\u00bbrow\u00a0\u00bb use_row_as_full_screen_section=\u00a0\u00bbno\u00a0\u00bb type=\u00a0\u00bbgrid\u00a0\u00bb angled_section=\u00a0\u00bbno\u00a0\u00bb text_align=\u00a0\u00bbleft\u00a0\u00bb background_image_as_pattern=\u00a0\u00bbwithout_pattern\u00a0\u00bb z_index=\u00a0\u00bb\u00a0\u00bb padding_top=\u00a0\u00bb0&Prime; padding_bottom=\u00a0\u00bb170&Prime;][vc_column width=\u00a0\u00bb1\/3&Prime;][vc_single_image image=\u00a0\u00bb658&Prime; img_size=\u00a0\u00bb150&#215;150&Prime; qode_css_animation=\u00a0\u00bb\u00a0\u00bb][vc_column_text]<\/p>\n<h3>\u00c9cris-nous<\/h3>\n<h6>info@carleearagon.es<\/h6>\n<p>[\/vc_column_text][\/vc_column][vc_column width=\u00a0\u00bb1\/3&Prime;][vc_single_image image=\u00a0\u00bb655&Prime; img_size=\u00a0\u00bb150&#215;150&Prime; qode_css_animation=\u00a0\u00bb\u00a0\u00bb][vc_column_text]<\/p>\n<h3>Appelle-nous<\/h3>\n<h6><a href=\"tel:+34976238903\">976 238903<\/a><\/h6>\n<p style=\"text-align: left;\">Horaire d&rsquo;accueil:<\/p>\n<p style=\"text-align: left;\">8h00 &#8211; 14h00 (du lundi au vendredi)<\/p>\n<p>[\/vc_column_text][\/vc_column][vc_column width=\u00a0\u00bb1\/3&Prime;][vc_single_image image=\u00a0\u00bb652&Prime; img_size=\u00a0\u00bb150&#215;150&Prime; qode_css_animation=\u00a0\u00bb\u00a0\u00bb][vc_column_text]<\/p>\n<h3>Viens nous voir<\/h3>\n<h6>C\/ Buen Pastor 4 &#8211; 50003 Zaragoza<\/h6>\n<h6>(b\u00e0timent du Centre de Professeurs Juan de Lanuza)<\/h6>\n<p>[\/vc_column_text][\/vc_column][\/vc_row][vc_row css_animation=\u00a0\u00bb\u00a0\u00bb row_type=\u00a0\u00bbrow\u00a0\u00bb use_row_as_full_screen_section=\u00a0\u00bbno\u00a0\u00bb type=\u00a0\u00bbgrid\u00a0\u00bb angled_section=\u00a0\u00bbno\u00a0\u00bb text_align=\u00a0\u00bbleft\u00a0\u00bb background_image_as_pattern=\u00a0\u00bbwithout_pattern\u00a0\u00bb css=\u00a0\u00bb.vc_custom_1568300554131{margin-bottom: 140px !important;}\u00a0\u00bb z_index=\u00a0\u00bb\u00a0\u00bb][vc_column width=\u00a0\u00bb1\/2&Prime;][vc_column_text]<\/p>\n<h3>Si\u00e8ge principal \u00e0 Saragosse<\/h3>\n<p>[\/vc_column_text][vc_empty_space][vc_column_text]Le si\u00e8ge principal du CARLEE est situ\u00e9 dans le m\u00eame b\u00e2timent que le Centre de professeurs Juan de Lanuza depuis janvier 2025.<\/p>\n<p>Nous sommes en plein coeur de Saragosse, \u00e0 c\u00f4t\u00e9 du Mercado Central. Pour venir en transport public, prenez le tramway (arr\u00eat \u00ab\u00a0Murallas\u00a0\u00bb) ou n&rsquo;importe quel bus desservant le quartier historique.<\/p>\n<p>[\/vc_column_text][vc_empty_space][\/vc_column][vc_column width=\u00a0\u00bb1\/2&Prime;]<div class='google_map_shortcode_holder' style='height:300px;'><div class='qode_google_map' style='height:300px;' id='map_canvas_49075' data-addresses='[\"c\/ Buen Pastor 4, 50003 Zaragoza\"]' data-custom-map-style='true' data-color-overlay='#96c4c6' data-saturation='-100' data-lightness='0' data-zoom='12' data-pin='https:\/\/www.carleearagon.es\/wp-content\/uploads\/2019\/09\/pin-carlee.png' data-unique-id='49075' data-google-maps-scroll-wheel='false' data-snazzy-map-style='no' data-map-height='300'><\/div><div class='google_map_shortcode_overlay'><\/div><\/div>[\/vc_column][\/vc_row][vc_row css_animation=\u00a0\u00bb\u00a0\u00bb row_type=\u00a0\u00bbrow\u00a0\u00bb use_row_as_full_screen_section=\u00a0\u00bbno\u00a0\u00bb type=\u00a0\u00bbgrid\u00a0\u00bb angled_section=\u00a0\u00bbno\u00a0\u00bb text_align=\u00a0\u00bbleft\u00a0\u00bb background_image_as_pattern=\u00a0\u00bbwithout_pattern\u00a0\u00bb css=\u00a0\u00bb.vc_custom_1568300554131{margin-bottom: 140px !important;}\u00a0\u00bb z_index=\u00a0\u00bb\u00a0\u00bb][vc_column width=\u00a0\u00bb1\/2&Prime;]<div class='google_map_shortcode_holder' style='height:300px;'><div class='qode_google_map' style='height:300px;' id='map_canvas_24284' data-addresses='[\"Calle Sancho Ram\u00edrez, 24, 22001 Huesca\",\"Calle Cdad. Escolar, 11, 44003 Teruel\"]' data-custom-map-style='true' data-color-overlay='#96c4c6' data-saturation='-100' data-lightness='0' data-zoom='6' data-pin='https:\/\/www.carleearagon.es\/wp-content\/uploads\/2019\/09\/pin-carlee.png' data-unique-id='24284' data-google-maps-scroll-wheel='false' data-snazzy-map-style='no' data-map-height='300'><\/div><div class='google_map_shortcode_overlay'><\/div><\/div>[vc_empty_space][\/vc_column][vc_column width=\u00a0\u00bb1\/2&Prime;][vc_column_text]<\/p>\n<h3>Autres si\u00e8ges en Aragon: <\/h3>\n<p>[\/vc_column_text][vc_empty_space][vc_column_text]<\/p>\n<ul>\n<li><strong>Huesca:<\/strong> CP Ana Barca de Bolea (<span class=\"LrzXr zdqRlf kno-fv\"><span aria-label=\"Llamar al n\u00famero de tel\u00e9fono 974 22 73 61\">974 22 73 61<\/span>)<\/span><\/li>\n<li><strong>Teruel<\/strong>: CP \u00c1ngel Sanz Briz (<span aria-label=\"Llamar al n\u00famero de tel\u00e9fono 978 61 84 60\">978 61 84 60<\/span>)<\/li>\n<\/ul>\n<p>[\/vc_column_text][vc_empty_space][\/vc_column][\/vc_row][vc_row css_animation=\u00a0\u00bb\u00a0\u00bb row_type=\u00a0\u00bbrow\u00a0\u00bb use_row_as_full_screen_section=\u00a0\u00bbno\u00a0\u00bb type=\u00a0\u00bbfull_width\u00a0\u00bb angled_section=\u00a0\u00bbno\u00a0\u00bb text_align=\u00a0\u00bbleft\u00a0\u00bb background_image_as_pattern=\u00a0\u00bbwithout_pattern\u00a0\u00bb z_index=\u00a0\u00bb\u00a0\u00bb el_class=\u00a0\u00bbqode-row-with-bg\u00a0\u00bb background_color=\u00a0\u00bb#96c4c6&Prime;][vc_column][vc_row_inner row_type=\u00a0\u00bbrow\u00a0\u00bb type=\u00a0\u00bbgrid\u00a0\u00bb text_align=\u00a0\u00bbcenter\u00a0\u00bb row_negative_margin=\u00a0\u00bbdisable_negative_margin\u00a0\u00bb css_animation=\u00a0\u00bb\u00a0\u00bb][vc_column_inner css=\u00a0\u00bb.vc_custom_1562747631792{margin-top: -90px !important;background-color: #25395b !important;}\u00a0\u00bb][qode_elements_holder background_color=\u00a0\u00bb#25395b\u00a0\u00bb number_of_columns=\u00a0\u00bbone_column\u00a0\u00bb][qode_elements_holder_item vertical_alignment=\u00a0\u00bbmiddle\u00a0\u00bb horizontal_alignment=\u00a0\u00bbcenter\u00a0\u00bb advanced_animations=\u00a0\u00bbno\u00a0\u00bb item_padding=\u00a0\u00bb0px 30px 0px 30px\u00a0\u00bb custom_class=\u00a0\u00bbqode-eh-with-contact\u00a0\u00bb][vc_column_text]<\/p>\n<h3 class=\"p1\" style=\"text-align: center;\"><span style=\"color: #ffffff;\"><b>Vous pouvez \u00e9galement nous rejoindre via notre formulaire de contact<\/b><\/span><\/h3>\n<p>[\/vc_column_text][vc_empty_space height=\u00a0\u00bb22px\u00a0\u00bb]\n<div class=\"wpcf7 no-js\" id=\"wpcf7-f8-o1\" lang=\"es-ES\" dir=\"ltr\" data-wpcf7-id=\"8\">\n<div class=\"screen-reader-response\"><p role=\"status\" aria-live=\"polite\" aria-atomic=\"true\"><\/p> <ul><\/ul><\/div>\n<form action=\"\/fr\/wp-json\/wp\/v2\/pages\/7005#wpcf7-f8-o1\" method=\"post\" class=\"wpcf7-form init default\" aria-label=\"Formulario de contacto\" novalidate=\"novalidate\" data-status=\"init\">\n<fieldset class=\"hidden-fields-container\"><input type=\"hidden\" name=\"_wpcf7\" value=\"8\" \/><input type=\"hidden\" name=\"_wpcf7_version\" value=\"6.1.5\" \/><input type=\"hidden\" name=\"_wpcf7_locale\" value=\"es_ES\" \/><input type=\"hidden\" name=\"_wpcf7_unit_tag\" value=\"wpcf7-f8-o1\" \/><input type=\"hidden\" name=\"_wpcf7_container_post\" value=\"0\" \/><input type=\"hidden\" name=\"_wpcf7_posted_data_hash\" value=\"\" \/><input type=\"hidden\" name=\"_wpcf7_recaptcha_response\" value=\"\" \/>\n<\/fieldset>\n<p><label style=\"color: #fff;\"> Tu nombre (requerido)<br \/>\n<span class=\"wpcf7-form-control-wrap\" data-name=\"your-name\"><input size=\"40\" maxlength=\"400\" class=\"wpcf7-form-control wpcf7-text wpcf7-validates-as-required\" aria-required=\"true\" aria-invalid=\"false\" value=\"\" type=\"text\" name=\"your-name\" \/><\/span> <\/label>\n<\/p>\n<p><label style=\"color: #fff;\"> Tu correo electr\u00f3nico (requerido)<br \/>\n<span class=\"wpcf7-form-control-wrap\" data-name=\"your-email\"><input size=\"40\" maxlength=\"400\" class=\"wpcf7-form-control wpcf7-email wpcf7-validates-as-required wpcf7-text wpcf7-validates-as-email\" aria-required=\"true\" aria-invalid=\"false\" value=\"\" type=\"email\" name=\"your-email\" \/><\/span> <\/label>\n<\/p>\n<p><label style=\"color: #fff;\"> Tu mensaje<br \/>\n<span class=\"wpcf7-form-control-wrap\" data-name=\"your-message\"><textarea cols=\"40\" rows=\"10\" maxlength=\"2000\" class=\"wpcf7-form-control wpcf7-textarea\" aria-invalid=\"false\" name=\"your-message\"><\/textarea><\/span> <\/label>\n<\/p>\n<p><input class=\"wpcf7-form-control wpcf7-submit has-spinner\" type=\"submit\" value=\"Enviar\" \/>\n<\/p><p style=\"display: none !important;\" class=\"akismet-fields-container\" data-prefix=\"_wpcf7_ak_\"><label>&#916;<textarea name=\"_wpcf7_ak_hp_textarea\" cols=\"45\" rows=\"8\" maxlength=\"100\"><\/textarea><\/label><input type=\"hidden\" id=\"ak_js_1\" name=\"_wpcf7_ak_js\" value=\"114\"\/><script>document.getElementById( \"ak_js_1\" ).setAttribute( \"value\", ( new Date() ).getTime() );<\/script><\/p><div class=\"wpcf7-response-output\" aria-hidden=\"true\"><\/div>\n<\/form>\n<\/div>\n[\/qode_elements_holder_item][\/qode_elements_holder][\/vc_column_inner][\/vc_row_inner][\/vc_column][\/vc_row]<\/p>\n<\/div>","protected":false},"excerpt":{"rendered":"<p>[vc_row css_animation=\u00a0\u00bb\u00a0\u00bb row_type=\u00a0\u00bbrow\u00a0\u00bb use_row_as_full_screen_section=\u00a0\u00bbno\u00a0\u00bb type=\u00a0\u00bbgrid\u00a0\u00bb angled_section=\u00a0\u00bbno\u00a0\u00bb text_align=\u00a0\u00bbleft\u00a0\u00bb background_image_as_pattern=\u00a0\u00bbwithout_pattern\u00a0\u00bb z_index=\u00a0\u00bb\u00a0\u00bb background_color=\u00a0\u00bb#96c4c6&Prime; padding_top=\u00a0\u00bb80&Prime; padding_bottom=\u00a0\u00bb50&Prime; background_image=\u00a0\u00bb188&Prime;][vc_column][vc_column_text] Contact [\/vc_column_text][\/vc_column][\/vc_row][vc_row css_animation=\u00a0\u00bb\u00a0\u00bb row_type=\u00a0\u00bbrow\u00a0\u00bb use_row_as_full_screen_section=\u00a0\u00bbno\u00a0\u00bb type=\u00a0\u00bbgrid\u00a0\u00bb angled_section=\u00a0\u00bbno\u00a0\u00bb text_align=\u00a0\u00bbcenter\u00a0\u00bb background_image_as_pattern=\u00a0\u00bbwithout_pattern\u00a0\u00bb anchor=\u00a0\u00bbabout\u00a0\u00bb padding_top=\u00a0\u00bb100&Prime; z_index=\u00a0\u00bb\u00a0\u00bb padding_bottom=\u00a0\u00bb35&Prime;][vc_column][vc_column_text] Et si on parlait ? [\/vc_column_text][vc_separator type=\u00a0\u00bbsmall\u00a0\u00bb position=\u00a0\u00bbleft\u00a0\u00bb color=\u00a0\u00bb#96c4c6&Prime; thickness=\u00a0\u00bb5&Prime; width=\u00a0\u00bb50&Prime; up=\u00a0\u00bb8&Prime; down=\u00a0\u00bb8&Prime;][vc_column_text] On veut d&rsquo;aider \u00e0 continuer ta formation [\/vc_column_text][\/vc_column][\/vc_row][vc_row css_animation=\u00a0\u00bb\u00a0\u00bb row_type=\u00a0\u00bbrow\u00a0\u00bb use_row_as_full_screen_section=\u00a0\u00bbno\u00a0\u00bb&#8230;<\/p>\n","protected":false},"author":1,"featured_media":0,"parent":0,"menu_order":0,"comment_status":"closed","ping_status":"closed","template":"full_width.php","meta":{"footnotes":""},"class_list":["post-7005","page","type-page","status-publish","hentry"],"yoast_head":"<!-- This site is optimized with the Yoast SEO plugin v27.4 - https:\/\/yoast.com\/product\/yoast-seo-wordpress\/ -->\n<title>Contact CARLEE - Centre aragonais de langues \u00e9trang\u00e8res pour l&#039;\u00e9ducation<\/title>\n<meta name=\"robots\" content=\"index, follow, max-snippet:-1, max-image-preview:large, max-video-preview:-1\" \/>\n<link rel=\"canonical\" href=\"https:\/\/www.carleearagon.es\/fr\/contact\/\" \/>\n<meta property=\"og:locale\" content=\"fr_FR\" \/>\n<meta property=\"og:type\" content=\"article\" \/>\n<meta property=\"og:title\" content=\"Contact CARLEE - Centre aragonais de langues \u00e9trang\u00e8res pour l&#039;\u00e9ducation\" \/>\n<meta property=\"og:description\" content=\"[vc_row css_animation=\u00a0\u00bb\u00a0\u00bb row_type=\u00a0\u00bbrow\u00a0\u00bb use_row_as_full_screen_section=\u00a0\u00bbno\u00a0\u00bb type=\u00a0\u00bbgrid\u00a0\u00bb angled_section=\u00a0\u00bbno\u00a0\u00bb text_align=\u00a0\u00bbleft\u00a0\u00bb background_image_as_pattern=\u00a0\u00bbwithout_pattern\u00a0\u00bb z_index=\u00a0\u00bb\u00a0\u00bb background_color=\u00a0\u00bb#96c4c6&Prime; padding_top=\u00a0\u00bb80&Prime; padding_bottom=\u00a0\u00bb50&Prime; background_image=\u00a0\u00bb188&Prime;][vc_column][vc_column_text] Contact [\/vc_column_text][\/vc_column][\/vc_row][vc_row css_animation=\u00a0\u00bb\u00a0\u00bb row_type=\u00a0\u00bbrow\u00a0\u00bb use_row_as_full_screen_section=\u00a0\u00bbno\u00a0\u00bb type=\u00a0\u00bbgrid\u00a0\u00bb angled_section=\u00a0\u00bbno\u00a0\u00bb text_align=\u00a0\u00bbcenter\u00a0\u00bb background_image_as_pattern=\u00a0\u00bbwithout_pattern\u00a0\u00bb anchor=\u00a0\u00bbabout\u00a0\u00bb padding_top=\u00a0\u00bb100&Prime; z_index=\u00a0\u00bb\u00a0\u00bb padding_bottom=\u00a0\u00bb35&Prime;][vc_column][vc_column_text] Et si on parlait ? [\/vc_column_text][vc_separator type=\u00a0\u00bbsmall\u00a0\u00bb position=\u00a0\u00bbleft\u00a0\u00bb color=\u00a0\u00bb#96c4c6&Prime; thickness=\u00a0\u00bb5&Prime; width=\u00a0\u00bb50&Prime; up=\u00a0\u00bb8&Prime; down=\u00a0\u00bb8&Prime;][vc_column_text] On veut d&rsquo;aider \u00e0 continuer ta formation [\/vc_column_text][\/vc_column][\/vc_row][vc_row css_animation=\u00a0\u00bb\u00a0\u00bb row_type=\u00a0\u00bbrow\u00a0\u00bb use_row_as_full_screen_section=\u00a0\u00bbno\u00a0\u00bb...\" \/>\n<meta property=\"og:url\" content=\"https:\/\/www.carleearagon.es\/fr\/contact\/\" \/>\n<meta property=\"og:site_name\" content=\"Carlee Arag\u00f3n\" \/>\n<meta property=\"article:modified_time\" content=\"2025-04-07T11:18:16+00:00\" \/>\n<meta name=\"twitter:card\" content=\"summary_large_image\" \/>\n<meta name=\"twitter:label1\" content=\"Dur\u00e9e de lecture estim\u00e9e\" \/>\n\t<meta name=\"twitter:data1\" content=\"3 minutes\" \/>\n<script type=\"application\/ld+json\" class=\"yoast-schema-graph\">{\"@context\":\"https:\\\/\\\/schema.org\",\"@graph\":[{\"@type\":\"WebPage\",\"@id\":\"https:\\\/\\\/www.carleearagon.es\\\/fr\\\/contact\\\/\",\"url\":\"https:\\\/\\\/www.carleearagon.es\\\/fr\\\/contact\\\/\",\"name\":\"Contact CARLEE - Centre aragonais de langues \u00e9trang\u00e8res pour l'\u00e9ducation\",\"isPartOf\":{\"@id\":\"https:\\\/\\\/www.carleearagon.es\\\/fr\\\/#website\"},\"datePublished\":\"2025-04-07T11:18:15+00:00\",\"dateModified\":\"2025-04-07T11:18:16+00:00\",\"breadcrumb\":{\"@id\":\"https:\\\/\\\/www.carleearagon.es\\\/fr\\\/contact\\\/#breadcrumb\"},\"inLanguage\":\"fr-FR\",\"potentialAction\":[{\"@type\":\"ReadAction\",\"target\":[\"https:\\\/\\\/www.carleearagon.es\\\/fr\\\/contact\\\/\"]}]},{\"@type\":\"BreadcrumbList\",\"@id\":\"https:\\\/\\\/www.carleearagon.es\\\/fr\\\/contact\\\/#breadcrumb\",\"itemListElement\":[{\"@type\":\"ListItem\",\"position\":1,\"name\":\"Portada\",\"item\":\"https:\\\/\\\/www.carleearagon.es\\\/fr\\\/\"},{\"@type\":\"ListItem\",\"position\":2,\"name\":\"Contact\"}]},{\"@type\":\"WebSite\",\"@id\":\"https:\\\/\\\/www.carleearagon.es\\\/fr\\\/#website\",\"url\":\"https:\\\/\\\/www.carleearagon.es\\\/fr\\\/\",\"name\":\"Carlee Arag\u00f3n\",\"description\":\"Centro Aragon\u00e9s de Lenguas Extranjeras para la Educaci\u00f3n\",\"potentialAction\":[{\"@type\":\"SearchAction\",\"target\":{\"@type\":\"EntryPoint\",\"urlTemplate\":\"https:\\\/\\\/www.carleearagon.es\\\/fr\\\/?s={search_term_string}\"},\"query-input\":{\"@type\":\"PropertyValueSpecification\",\"valueRequired\":true,\"valueName\":\"search_term_string\"}}],\"inLanguage\":\"fr-FR\"}]}<\/script>\n<!-- \/ Yoast SEO plugin. -->","yoast_head_json":{"title":"Contact CARLEE - Centre aragonais de langues \u00e9trang\u00e8res pour l'\u00e9ducation","robots":{"index":"index","follow":"follow","max-snippet":"max-snippet:-1","max-image-preview":"max-image-preview:large","max-video-preview":"max-video-preview:-1"},"canonical":"https:\/\/www.carleearagon.es\/fr\/contact\/","og_locale":"fr_FR","og_type":"article","og_title":"Contact CARLEE - Centre aragonais de langues \u00e9trang\u00e8res pour l'\u00e9ducation","og_description":"[vc_row css_animation=\u00a0\u00bb\u00a0\u00bb row_type=\u00a0\u00bbrow\u00a0\u00bb use_row_as_full_screen_section=\u00a0\u00bbno\u00a0\u00bb type=\u00a0\u00bbgrid\u00a0\u00bb angled_section=\u00a0\u00bbno\u00a0\u00bb text_align=\u00a0\u00bbleft\u00a0\u00bb background_image_as_pattern=\u00a0\u00bbwithout_pattern\u00a0\u00bb z_index=\u00a0\u00bb\u00a0\u00bb background_color=\u00a0\u00bb#96c4c6&Prime; padding_top=\u00a0\u00bb80&Prime; padding_bottom=\u00a0\u00bb50&Prime; background_image=\u00a0\u00bb188&Prime;][vc_column][vc_column_text] Contact [\/vc_column_text][\/vc_column][\/vc_row][vc_row css_animation=\u00a0\u00bb\u00a0\u00bb row_type=\u00a0\u00bbrow\u00a0\u00bb use_row_as_full_screen_section=\u00a0\u00bbno\u00a0\u00bb type=\u00a0\u00bbgrid\u00a0\u00bb angled_section=\u00a0\u00bbno\u00a0\u00bb text_align=\u00a0\u00bbcenter\u00a0\u00bb background_image_as_pattern=\u00a0\u00bbwithout_pattern\u00a0\u00bb anchor=\u00a0\u00bbabout\u00a0\u00bb padding_top=\u00a0\u00bb100&Prime; z_index=\u00a0\u00bb\u00a0\u00bb padding_bottom=\u00a0\u00bb35&Prime;][vc_column][vc_column_text] Et si on parlait ? [\/vc_column_text][vc_separator type=\u00a0\u00bbsmall\u00a0\u00bb position=\u00a0\u00bbleft\u00a0\u00bb color=\u00a0\u00bb#96c4c6&Prime; thickness=\u00a0\u00bb5&Prime; width=\u00a0\u00bb50&Prime; up=\u00a0\u00bb8&Prime; down=\u00a0\u00bb8&Prime;][vc_column_text] On veut d&rsquo;aider \u00e0 continuer ta formation [\/vc_column_text][\/vc_column][\/vc_row][vc_row css_animation=\u00a0\u00bb\u00a0\u00bb row_type=\u00a0\u00bbrow\u00a0\u00bb use_row_as_full_screen_section=\u00a0\u00bbno\u00a0\u00bb...","og_url":"https:\/\/www.carleearagon.es\/fr\/contact\/","og_site_name":"Carlee Arag\u00f3n","article_modified_time":"2025-04-07T11:18:16+00:00","twitter_card":"summary_large_image","twitter_misc":{"Dur\u00e9e de lecture estim\u00e9e":"3 minutes"},"schema":{"@context":"https:\/\/schema.org","@graph":[{"@type":"WebPage","@id":"https:\/\/www.carleearagon.es\/fr\/contact\/","url":"https:\/\/www.carleearagon.es\/fr\/contact\/","name":"Contact CARLEE - Centre aragonais de langues \u00e9trang\u00e8res pour l'\u00e9ducation","isPartOf":{"@id":"https:\/\/www.carleearagon.es\/fr\/#website"},"datePublished":"2025-04-07T11:18:15+00:00","dateModified":"2025-04-07T11:18:16+00:00","breadcrumb":{"@id":"https:\/\/www.carleearagon.es\/fr\/contact\/#breadcrumb"},"inLanguage":"fr-FR","potentialAction":[{"@type":"ReadAction","target":["https:\/\/www.carleearagon.es\/fr\/contact\/"]}]},{"@type":"BreadcrumbList","@id":"https:\/\/www.carleearagon.es\/fr\/contact\/#breadcrumb","itemListElement":[{"@type":"ListItem","position":1,"name":"Portada","item":"https:\/\/www.carleearagon.es\/fr\/"},{"@type":"ListItem","position":2,"name":"Contact"}]},{"@type":"WebSite","@id":"https:\/\/www.carleearagon.es\/fr\/#website","url":"https:\/\/www.carleearagon.es\/fr\/","name":"Carlee Arag\u00f3n","description":"Centro Aragon\u00e9s de Lenguas Extranjeras para la Educaci\u00f3n","potentialAction":[{"@type":"SearchAction","target":{"@type":"EntryPoint","urlTemplate":"https:\/\/www.carleearagon.es\/fr\/?s={search_term_string}"},"query-input":{"@type":"PropertyValueSpecification","valueRequired":true,"valueName":"search_term_string"}}],"inLanguage":"fr-FR"}]}},"_links":{"self":[{"href":"https:\/\/www.carleearagon.es\/fr\/wp-json\/wp\/v2\/pages\/7005","targetHints":{"allow":["GET"]}}],"collection":[{"href":"https:\/\/www.carleearagon.es\/fr\/wp-json\/wp\/v2\/pages"}],"about":[{"href":"https:\/\/www.carleearagon.es\/fr\/wp-json\/wp\/v2\/types\/page"}],"author":[{"embeddable":true,"href":"https:\/\/www.carleearagon.es\/fr\/wp-json\/wp\/v2\/users\/1"}],"replies":[{"embeddable":true,"href":"https:\/\/www.carleearagon.es\/fr\/wp-json\/wp\/v2\/comments?post=7005"}],"version-history":[{"count":3,"href":"https:\/\/www.carleearagon.es\/fr\/wp-json\/wp\/v2\/pages\/7005\/revisions"}],"predecessor-version":[{"id":7008,"href":"https:\/\/www.carleearagon.es\/fr\/wp-json\/wp\/v2\/pages\/7005\/revisions\/7008"}],"wp:attachment":[{"href":"https:\/\/www.carleearagon.es\/fr\/wp-json\/wp\/v2\/media?parent=7005"}],"curies":[{"name":"wp","href":"https:\/\/api.w.org\/{rel}","templated":true}]}}