{"id":1142,"date":"2019-12-18T11:18:04","date_gmt":"2019-12-18T10:18:04","guid":{"rendered":"https:\/\/www.carleearagon.es\/doceo-paddoc-frequently-asked-questions\/"},"modified":"2019-12-18T11:18:04","modified_gmt":"2019-12-18T10:18:04","slug":"doceo-paddoc-frequently-asked-questions","status":"publish","type":"page","link":"https:\/\/www.carleearagon.es\/en\/about\/doceo-paddoc-frequently-asked-questions\/","title":{"rendered":"DOCEO-PADDOC FREQUENTLY Asked Questions"},"content":{"rendered":"<p><strong>How do I access the new DOCEO? <\/strong><\/p>\n<p>The activities offered by the training centres of the Government of Aragon can be seen on the <a href=\"https:\/\/aplicaciones.aragon.es\/epgfp\/portada\" target=\"_blank\" rel=\"noopener noreferrer\">public page of the new DOCEO.<\/a> However, to register it is necessary to enter PADDOC (with permanent key and password), and once in PADDOC, enter new DOCEO.<\/p>\n<p>&nbsp;<\/p>\n<p><img loading=\"lazy\" decoding=\"async\" class=\"aligncenter wp-image-996 size-large\" src=\"https:\/\/www.carleearagon.es\/wp-content\/uploads\/2019\/10\/entrar-en-DOCEO-desde-PADDOC-1024x278.png\" alt=\"\" width=\"1024\" height=\"278\" srcset=\"https:\/\/www.carleearagon.es\/wp-content\/uploads\/2019\/10\/entrar-en-DOCEO-desde-PADDOC-1024x278.png 1024w, https:\/\/www.carleearagon.es\/wp-content\/uploads\/2019\/10\/entrar-en-DOCEO-desde-PADDOC-300x81.png 300w, https:\/\/www.carleearagon.es\/wp-content\/uploads\/2019\/10\/entrar-en-DOCEO-desde-PADDOC-768x208.png 768w, https:\/\/www.carleearagon.es\/wp-content\/uploads\/2019\/10\/entrar-en-DOCEO-desde-PADDOC-700x190.png 700w, https:\/\/www.carleearagon.es\/wp-content\/uploads\/2019\/10\/entrar-en-DOCEO-desde-PADDOC.png 1195w\" sizes=\"auto, (max-width: 1024px) 100vw, 1024px\" \/><\/p>\n<p>&nbsp;<\/p>\n<p>Access issues with permanent Cl@ve: <a href=\"http:\/\/www.educaragon.org\/GestionPersonal\/nodo.asp?id=3408\" target=\"_blank\" rel=\"noopener noreferrer\">Educarag\u00f3n<\/a><\/p>\n<p>&nbsp;<\/p>\n<p><strong>How do I know if I am admitted to a training activity?<\/strong><\/p>\n<p>Once the registration period has expired, and on the date that is usually indicated in the announcement for our activities, the advisor responsible for the activity will mark the admitted and unadmitted applicants. Applicants can consult through DOCEO-PADDOC, entering Involved Activities. &gt; All <strong>the activities in which registration has been requested<\/strong>appear there: however this does not mean that you are admitted.<\/p>\n<p>&nbsp;<\/p>\n<p><img loading=\"lazy\" decoding=\"async\" class=\"size-medium wp-image-1000 aligncenter\" src=\"https:\/\/www.carleearagon.es\/wp-content\/uploads\/2019\/10\/actividades-participo-300x132.png\" alt=\"\" width=\"300\" height=\"132\" srcset=\"https:\/\/www.carleearagon.es\/wp-content\/uploads\/2019\/10\/actividades-participo-300x132.png 300w, https:\/\/www.carleearagon.es\/wp-content\/uploads\/2019\/10\/actividades-participo.png 360w\" sizes=\"auto, (max-width: 300px) 100vw, 300px\" \/><\/p>\n<p>Only the home page icon is visible in the mobile version. But to the right of the screen comes the option to expand the menu. Clicking there will bring up the extended &gt; menu, and you will see the participation activities option.<\/p>\n<p>&nbsp;<\/p>\n<p><img loading=\"lazy\" decoding=\"async\" class=\"size-medium wp-image-1004 aligncenter\" src=\"https:\/\/www.carleearagon.es\/wp-content\/uploads\/2019\/10\/actividades-participo-m\u00f3vil-193x300.jpg\" alt=\"\" width=\"193\" height=\"300\" srcset=\"https:\/\/www.carleearagon.es\/wp-content\/uploads\/2019\/10\/actividades-participo-m\u00f3vil-193x300.jpg 193w, https:\/\/www.carleearagon.es\/wp-content\/uploads\/2019\/10\/actividades-participo-m\u00f3vil-658x1024.jpg 658w, https:\/\/www.carleearagon.es\/wp-content\/uploads\/2019\/10\/actividades-participo-m\u00f3vil-700x1090.jpg 700w, https:\/\/www.carleearagon.es\/wp-content\/uploads\/2019\/10\/actividades-participo-m\u00f3vil.jpg 750w\" sizes=\"auto, (max-width: 193px) 100vw, 193px\" \/><\/p>\n<p>&nbsp;<\/p>\n<p>Entering the activity you are interested in viewing, at the top you will see a box showing &#8220;activity enrollment data&#8221;. If you are admitted, &#8220;S&#8221; will appear. If you are not admitted, &#8220;N&#8221; will appear. If no letter appears, the admission is still pending resolution.<\/p>\n<p><img loading=\"lazy\" decoding=\"async\" class=\"size-medium wp-image-1008 aligncenter\" src=\"https:\/\/www.carleearagon.es\/wp-content\/uploads\/2019\/10\/Screenshot-2019-10-30-at-09.23.47-300x118.png\" alt=\"\" width=\"300\" height=\"118\" srcset=\"https:\/\/www.carleearagon.es\/wp-content\/uploads\/2019\/10\/Screenshot-2019-10-30-at-09.23.47-300x118.png 300w, https:\/\/www.carleearagon.es\/wp-content\/uploads\/2019\/10\/Screenshot-2019-10-30-at-09.23.47.png 313w\" sizes=\"auto, (max-width: 300px) 100vw, 300px\" \/><\/p>\n<p>&nbsp;<\/p>\n<p>Complete manual of use of DOCEO in <a href=\"https:\/\/catedu.gitbooks.io\/manual-de-doceo-3-0\/content\/\" target=\"_blank\" rel=\"noopener noreferrer\">this link.<\/a><\/p>\n<p>&nbsp;<\/p>\n<p>&nbsp;<\/p>\n","protected":false},"excerpt":{"rendered":"<p>How do I access the new DOCEO? The activities offered by the training centres of the Government of Aragon can be seen on the public page of the new DOCEO. However, to register it is necessary to enter PADDOC (with permanent key and password), and once in PADDOC, enter new&#8230;<\/p>\n","protected":false},"author":1,"featured_media":0,"parent":1146,"menu_order":0,"comment_status":"closed","ping_status":"closed","template":"","meta":{"footnotes":""},"class_list":["post-1142","page","type-page","status-publish","hentry"],"yoast_head":"<!-- This site is optimized with the Yoast SEO plugin v27.4 - https:\/\/yoast.com\/product\/yoast-seo-wordpress\/ -->\n<title>DOCEO-PADDOC FREQUENTLY Asked Questions - Carlee Arag\u00f3n<\/title>\n<meta name=\"robots\" content=\"index, follow, max-snippet:-1, max-image-preview:large, max-video-preview:-1\" \/>\n<link rel=\"canonical\" href=\"https:\/\/www.carleearagon.es\/en\/about\/doceo-paddoc-frequently-asked-questions\/\" \/>\n<meta property=\"og:locale\" content=\"en_US\" \/>\n<meta property=\"og:type\" content=\"article\" \/>\n<meta property=\"og:title\" content=\"DOCEO-PADDOC FREQUENTLY Asked Questions - Carlee Arag\u00f3n\" \/>\n<meta property=\"og:description\" content=\"How do I access the new DOCEO? The activities offered by the training centres of the Government of Aragon can be seen on the public page of the new DOCEO. However, to register it is necessary to enter PADDOC (with permanent key and password), and once in PADDOC, enter new...\" \/>\n<meta property=\"og:url\" content=\"https:\/\/www.carleearagon.es\/en\/about\/doceo-paddoc-frequently-asked-questions\/\" \/>\n<meta property=\"og:site_name\" content=\"Carlee Arag\u00f3n\" \/>\n<meta property=\"og:image\" content=\"https:\/\/www.carleearagon.es\/wp-content\/uploads\/2019\/10\/entrar-en-DOCEO-desde-PADDOC-1024x278.png\" \/>\n<meta name=\"twitter:card\" content=\"summary_large_image\" \/>\n<meta name=\"twitter:label1\" content=\"Est. reading time\" \/>\n\t<meta name=\"twitter:data1\" content=\"1 minute\" \/>\n<script type=\"application\/ld+json\" class=\"yoast-schema-graph\">{\"@context\":\"https:\\\/\\\/schema.org\",\"@graph\":[{\"@type\":\"WebPage\",\"@id\":\"https:\\\/\\\/www.carleearagon.es\\\/en\\\/about\\\/doceo-paddoc-frequently-asked-questions\\\/\",\"url\":\"https:\\\/\\\/www.carleearagon.es\\\/en\\\/about\\\/doceo-paddoc-frequently-asked-questions\\\/\",\"name\":\"DOCEO-PADDOC FREQUENTLY Asked Questions - Carlee Arag\u00f3n\",\"isPartOf\":{\"@id\":\"https:\\\/\\\/www.carleearagon.es\\\/en\\\/#website\"},\"primaryImageOfPage\":{\"@id\":\"https:\\\/\\\/www.carleearagon.es\\\/en\\\/about\\\/doceo-paddoc-frequently-asked-questions\\\/#primaryimage\"},\"image\":{\"@id\":\"https:\\\/\\\/www.carleearagon.es\\\/en\\\/about\\\/doceo-paddoc-frequently-asked-questions\\\/#primaryimage\"},\"thumbnailUrl\":\"https:\\\/\\\/www.carleearagon.es\\\/wp-content\\\/uploads\\\/2019\\\/10\\\/entrar-en-DOCEO-desde-PADDOC-1024x278.png\",\"datePublished\":\"2019-12-18T10:18:04+00:00\",\"breadcrumb\":{\"@id\":\"https:\\\/\\\/www.carleearagon.es\\\/en\\\/about\\\/doceo-paddoc-frequently-asked-questions\\\/#breadcrumb\"},\"inLanguage\":\"en-US\",\"potentialAction\":[{\"@type\":\"ReadAction\",\"target\":[\"https:\\\/\\\/www.carleearagon.es\\\/en\\\/about\\\/doceo-paddoc-frequently-asked-questions\\\/\"]}]},{\"@type\":\"ImageObject\",\"inLanguage\":\"en-US\",\"@id\":\"https:\\\/\\\/www.carleearagon.es\\\/en\\\/about\\\/doceo-paddoc-frequently-asked-questions\\\/#primaryimage\",\"url\":\"https:\\\/\\\/www.carleearagon.es\\\/wp-content\\\/uploads\\\/2019\\\/10\\\/entrar-en-DOCEO-desde-PADDOC-1024x278.png\",\"contentUrl\":\"https:\\\/\\\/www.carleearagon.es\\\/wp-content\\\/uploads\\\/2019\\\/10\\\/entrar-en-DOCEO-desde-PADDOC-1024x278.png\"},{\"@type\":\"BreadcrumbList\",\"@id\":\"https:\\\/\\\/www.carleearagon.es\\\/en\\\/about\\\/doceo-paddoc-frequently-asked-questions\\\/#breadcrumb\",\"itemListElement\":[{\"@type\":\"ListItem\",\"position\":1,\"name\":\"Portada\",\"item\":\"https:\\\/\\\/www.carleearagon.es\\\/en\\\/\"},{\"@type\":\"ListItem\",\"position\":2,\"name\":\"Learn about us\",\"item\":\"https:\\\/\\\/www.carleearagon.es\\\/en\\\/about\\\/\"},{\"@type\":\"ListItem\",\"position\":3,\"name\":\"DOCEO-PADDOC FREQUENTLY Asked Questions\"}]},{\"@type\":\"WebSite\",\"@id\":\"https:\\\/\\\/www.carleearagon.es\\\/en\\\/#website\",\"url\":\"https:\\\/\\\/www.carleearagon.es\\\/en\\\/\",\"name\":\"Carlee Arag\u00f3n\",\"description\":\"Centro Aragon\u00e9s de Lenguas Extranjeras para la Educaci\u00f3n\",\"potentialAction\":[{\"@type\":\"SearchAction\",\"target\":{\"@type\":\"EntryPoint\",\"urlTemplate\":\"https:\\\/\\\/www.carleearagon.es\\\/en\\\/?s={search_term_string}\"},\"query-input\":{\"@type\":\"PropertyValueSpecification\",\"valueRequired\":true,\"valueName\":\"search_term_string\"}}],\"inLanguage\":\"en-US\"}]}<\/script>\n<!-- \/ Yoast SEO plugin. -->","yoast_head_json":{"title":"DOCEO-PADDOC FREQUENTLY Asked Questions - Carlee Arag\u00f3n","robots":{"index":"index","follow":"follow","max-snippet":"max-snippet:-1","max-image-preview":"max-image-preview:large","max-video-preview":"max-video-preview:-1"},"canonical":"https:\/\/www.carleearagon.es\/en\/about\/doceo-paddoc-frequently-asked-questions\/","og_locale":"en_US","og_type":"article","og_title":"DOCEO-PADDOC FREQUENTLY Asked Questions - Carlee Arag\u00f3n","og_description":"How do I access the new DOCEO? The activities offered by the training centres of the Government of Aragon can be seen on the public page of the new DOCEO. However, to register it is necessary to enter PADDOC (with permanent key and password), and once in PADDOC, enter new...","og_url":"https:\/\/www.carleearagon.es\/en\/about\/doceo-paddoc-frequently-asked-questions\/","og_site_name":"Carlee Arag\u00f3n","og_image":[{"url":"https:\/\/www.carleearagon.es\/wp-content\/uploads\/2019\/10\/entrar-en-DOCEO-desde-PADDOC-1024x278.png","type":"","width":"","height":""}],"twitter_card":"summary_large_image","twitter_misc":{"Est. reading time":"1 minute"},"schema":{"@context":"https:\/\/schema.org","@graph":[{"@type":"WebPage","@id":"https:\/\/www.carleearagon.es\/en\/about\/doceo-paddoc-frequently-asked-questions\/","url":"https:\/\/www.carleearagon.es\/en\/about\/doceo-paddoc-frequently-asked-questions\/","name":"DOCEO-PADDOC FREQUENTLY Asked Questions - Carlee Arag\u00f3n","isPartOf":{"@id":"https:\/\/www.carleearagon.es\/en\/#website"},"primaryImageOfPage":{"@id":"https:\/\/www.carleearagon.es\/en\/about\/doceo-paddoc-frequently-asked-questions\/#primaryimage"},"image":{"@id":"https:\/\/www.carleearagon.es\/en\/about\/doceo-paddoc-frequently-asked-questions\/#primaryimage"},"thumbnailUrl":"https:\/\/www.carleearagon.es\/wp-content\/uploads\/2019\/10\/entrar-en-DOCEO-desde-PADDOC-1024x278.png","datePublished":"2019-12-18T10:18:04+00:00","breadcrumb":{"@id":"https:\/\/www.carleearagon.es\/en\/about\/doceo-paddoc-frequently-asked-questions\/#breadcrumb"},"inLanguage":"en-US","potentialAction":[{"@type":"ReadAction","target":["https:\/\/www.carleearagon.es\/en\/about\/doceo-paddoc-frequently-asked-questions\/"]}]},{"@type":"ImageObject","inLanguage":"en-US","@id":"https:\/\/www.carleearagon.es\/en\/about\/doceo-paddoc-frequently-asked-questions\/#primaryimage","url":"https:\/\/www.carleearagon.es\/wp-content\/uploads\/2019\/10\/entrar-en-DOCEO-desde-PADDOC-1024x278.png","contentUrl":"https:\/\/www.carleearagon.es\/wp-content\/uploads\/2019\/10\/entrar-en-DOCEO-desde-PADDOC-1024x278.png"},{"@type":"BreadcrumbList","@id":"https:\/\/www.carleearagon.es\/en\/about\/doceo-paddoc-frequently-asked-questions\/#breadcrumb","itemListElement":[{"@type":"ListItem","position":1,"name":"Portada","item":"https:\/\/www.carleearagon.es\/en\/"},{"@type":"ListItem","position":2,"name":"Learn about us","item":"https:\/\/www.carleearagon.es\/en\/about\/"},{"@type":"ListItem","position":3,"name":"DOCEO-PADDOC FREQUENTLY Asked Questions"}]},{"@type":"WebSite","@id":"https:\/\/www.carleearagon.es\/en\/#website","url":"https:\/\/www.carleearagon.es\/en\/","name":"Carlee Arag\u00f3n","description":"Centro Aragon\u00e9s de Lenguas Extranjeras para la Educaci\u00f3n","potentialAction":[{"@type":"SearchAction","target":{"@type":"EntryPoint","urlTemplate":"https:\/\/www.carleearagon.es\/en\/?s={search_term_string}"},"query-input":{"@type":"PropertyValueSpecification","valueRequired":true,"valueName":"search_term_string"}}],"inLanguage":"en-US"}]}},"_links":{"self":[{"href":"https:\/\/www.carleearagon.es\/en\/wp-json\/wp\/v2\/pages\/1142","targetHints":{"allow":["GET"]}}],"collection":[{"href":"https:\/\/www.carleearagon.es\/en\/wp-json\/wp\/v2\/pages"}],"about":[{"href":"https:\/\/www.carleearagon.es\/en\/wp-json\/wp\/v2\/types\/page"}],"author":[{"embeddable":true,"href":"https:\/\/www.carleearagon.es\/en\/wp-json\/wp\/v2\/users\/1"}],"replies":[{"embeddable":true,"href":"https:\/\/www.carleearagon.es\/en\/wp-json\/wp\/v2\/comments?post=1142"}],"version-history":[{"count":1,"href":"https:\/\/www.carleearagon.es\/en\/wp-json\/wp\/v2\/pages\/1142\/revisions"}],"predecessor-version":[{"id":1143,"href":"https:\/\/www.carleearagon.es\/en\/wp-json\/wp\/v2\/pages\/1142\/revisions\/1143"}],"up":[{"embeddable":true,"href":"https:\/\/www.carleearagon.es\/en\/wp-json\/wp\/v2\/pages\/1146"}],"wp:attachment":[{"href":"https:\/\/www.carleearagon.es\/en\/wp-json\/wp\/v2\/media?parent=1142"}],"curies":[{"name":"wp","href":"https:\/\/api.w.org\/{rel}","templated":true}]}}