{"id":1138,"date":"2019-12-18T11:15:13","date_gmt":"2019-12-18T10:15:13","guid":{"rendered":"https:\/\/www.carleearagon.es\/links-of-interest\/"},"modified":"2025-03-20T13:44:42","modified_gmt":"2025-03-20T12:44:42","slug":"links-of-interest","status":"publish","type":"page","link":"https:\/\/www.carleearagon.es\/en\/about\/links-of-interest\/","title":{"rendered":"Links of interest"},"content":{"rendered":"<div class=\"wpb-content-wrapper\"><p>[vc_row css_animation=&#8221;&#8221; row_type=&#8221;row&#8221; use_row_as_full_screen_section=&#8221;no&#8221; type=&#8221;grid&#8221; angled_section=&#8221;no&#8221; text_align=&#8221;left&#8221; background_image_as_pattern=&#8221;without_pattern&#8221; z_index=&#8221;&#8221; background_color=&#8221;#96c4c6&#8243; padding_top=&#8221;80&#8243; padding_bottom=&#8221;50&#8243; background_image=&#8221;188&#8243;][vc_column][vc_column_text]<\/p>\n<h1>Links of interest<\/h1>\n<p>[\/vc_column_text][\/vc_column][\/vc_row][vc_row css_animation=&#8221;&#8221; row_type=&#8221;row&#8221; use_row_as_full_screen_section=&#8221;no&#8221; type=&#8221;grid&#8221; angled_section=&#8221;no&#8221; text_align=&#8221;center&#8221; background_image_as_pattern=&#8221;without_pattern&#8221; anchor=&#8221;about&#8221; padding_top=&#8221;100&#8243; z_index=&#8221;&#8221; padding_bottom=&#8221;35&#8243;][vc_column][vc_column_text][\/vc_column_text][vc_separator type=&#8221;small&#8221; position=&#8221;left&#8221; color=&#8221;#96c4c6&#8243; thickness=&#8221;5&#8243; width=&#8221;50&#8243; up=&#8221;8&#8243; down=&#8221;8&#8243;][\/vc_column][\/vc_row][vc_row css_animation=&#8221;&#8221; row_type=&#8221;row&#8221; use_row_as_full_screen_section=&#8221;no&#8221; type=&#8221;grid&#8221; angled_section=&#8221;no&#8221; text_align=&#8221;left&#8221; background_image_as_pattern=&#8221;without_pattern&#8221; z_index=&#8221;&#8221; padding_top=&#8221;0&#8243; padding_bottom=&#8221;150&#8243; anchor=&#8221;#elequipo&#8221;][vc_column][vc_separator type=&#8221;normal&#8221; up=&#8221;12&#8243; down=&#8221;12&#8243;][vc_column_text]<\/p>\n<h3 class=\"p1\"><b>Teacher Training Portal in Aragon<\/b><\/h3>\n<p><a href=\"http:\/\/formacionprofesorado.aragon.es\/\">See more<\/a><\/p>\n<p>&nbsp;<\/p>\n<p>[\/vc_column_text][vc_separator type=&#8221;normal&#8221; up=&#8221;12&#8243; down=&#8221;12&#8243;][vc_column_text]<\/p>\n<h3 class=\"p1\"><b>Educaragon<\/b><\/h3>\n<p><a href=\"http:\/\/www.educaragon.org\/\">See more<\/a><\/p>\n<p>&nbsp;<\/p>\n<p>[\/vc_column_text][vc_separator type=&#8221;normal&#8221; up=&#8221;12&#8243; down=&#8221;12&#8243;][vc_column_text]<\/p>\n<h3 class=\"p1\"><b>PADDOC<\/b><\/h3>\n<p><a href=\"https:\/\/paddoc.aragon.es\/epdtp\/pubInitLogin\">See more<\/a><\/p>\n<p>&nbsp;<\/p>\n<p>[\/vc_column_text][vc_separator type=&#8221;normal&#8221; up=&#8221;12&#8243; down=&#8221;12&#8243;][vc_column_text]<\/p>\n<h3 class=\"p1\"><b>Bilingual Aragon<\/b><\/h3>\n<p><a href=\"http:\/\/aragonbilingue.catedu.es\/new\/\">See more<\/a><\/p>\n<p>&nbsp;<\/p>\n<p>[\/vc_column_text][vc_separator type=&#8221;normal&#8221; up=&#8221;12&#8243; down=&#8221;12&#8243;][vc_column_text]<\/p>\n<h3 class=\"p1\"><b>SEPIE<\/b><\/h3>\n<p><a href=\"http:\/\/sepie.es\/\">See more<\/a><\/p>\n<p>&nbsp;<\/p>\n<p>[\/vc_column_text][vc_separator type=&#8221;normal&#8221; up=&#8221;12&#8243; down=&#8221;12&#8243;][vc_column_text]<\/p>\n<h3 class=\"p1\"><b>French blog at CARLEE<\/b><\/h3>\n<p><a href=\"https:\/\/francescarlee.blogspot.com\/\">See more<\/a><\/p>\n<p>&nbsp;<\/p>\n<p>[\/vc_column_text][vc_separator type=&#8221;normal&#8221; up=&#8221;12&#8243; down=&#8221;12&#8243;][vc_column_text]<\/p>\n<h3 class=\"p1\"><b>CLIL Classroom Language<\/b><\/h3>\n<p><a href=\"http:\/\/clilclassroomlanguage.blogspot.com\/\">See more<\/a><\/p>\n<p>&nbsp;<\/p>\n<p>[\/vc_column_text][vc_separator type=&#8221;normal&#8221; up=&#8221;12&#8243; down=&#8221;12&#8243;][\/vc_column][\/vc_row][vc_row css_animation=&#8221;&#8221; row_type=&#8221;row&#8221; use_row_as_full_screen_section=&#8221;no&#8221; type=&#8221;full_width&#8221; angled_section=&#8221;no&#8221; text_align=&#8221;left&#8221; background_image_as_pattern=&#8221;without_pattern&#8221; z_index=&#8221;&#8221; el_class=&#8221;qode-row-with-bg&#8221; background_color=&#8221;#96c4c6&#8243;][vc_column][vc_row_inner row_type=&#8221;row&#8221; type=&#8221;grid&#8221; text_align=&#8221;center&#8221; row_negative_margin=&#8221;disable_negative_margin&#8221; css_animation=&#8221;&#8221;][vc_column_inner css=&#8221;.vc_custom_1562747631792{margin-top: -90px !important;background-color: #25395b !important;}&#8221;][qode_elements_holder background_color=&#8221;#25395b&#8221; number_of_columns=&#8221;one_column&#8221;][qode_elements_holder_item vertical_alignment=&#8221;middle&#8221; horizontal_alignment=&#8221;center&#8221; advanced_animations=&#8221;no&#8221; item_padding=&#8221;0px 30px 0px 30px&#8221; custom_class=&#8221;qode-eh-with-contact&#8221;][vc_column_text]<\/p>\n<h3 class=\"p1\" style=\"text-align: center;\"><span style=\"color: #ffffff;\"><b>You can also write to us via our contact form<\/b><\/span><\/h3>\n<p>[\/vc_column_text][vc_empty_space height=&#8221;22px&#8221;]\n<div class=\"wpcf7 no-js\" id=\"wpcf7-f8-o1\" lang=\"es-ES\" dir=\"ltr\" data-wpcf7-id=\"8\">\n<div class=\"screen-reader-response\"><p role=\"status\" aria-live=\"polite\" aria-atomic=\"true\"><\/p> <ul><\/ul><\/div>\n<form action=\"\/en\/wp-json\/wp\/v2\/pages\/1138#wpcf7-f8-o1\" method=\"post\" class=\"wpcf7-form init default\" aria-label=\"Formulario de contacto\" novalidate=\"novalidate\" data-status=\"init\">\n<fieldset class=\"hidden-fields-container\"><input type=\"hidden\" name=\"_wpcf7\" value=\"8\" \/><input type=\"hidden\" name=\"_wpcf7_version\" value=\"6.1.1\" \/><input type=\"hidden\" name=\"_wpcf7_locale\" value=\"es_ES\" \/><input type=\"hidden\" name=\"_wpcf7_unit_tag\" value=\"wpcf7-f8-o1\" \/><input type=\"hidden\" name=\"_wpcf7_container_post\" value=\"0\" \/><input type=\"hidden\" name=\"_wpcf7_posted_data_hash\" value=\"\" \/><input type=\"hidden\" name=\"_wpcf7_recaptcha_response\" value=\"\" \/>\n<\/fieldset>\n<p><label style=\"color: #fff;\"> Tu nombre (requerido)<br \/>\n<span class=\"wpcf7-form-control-wrap\" data-name=\"your-name\"><input size=\"40\" maxlength=\"400\" class=\"wpcf7-form-control wpcf7-text wpcf7-validates-as-required\" aria-required=\"true\" aria-invalid=\"false\" value=\"\" type=\"text\" name=\"your-name\" \/><\/span> <\/label>\n<\/p>\n<p><label style=\"color: #fff;\"> Tu correo electr\u00f3nico (requerido)<br \/>\n<span class=\"wpcf7-form-control-wrap\" data-name=\"your-email\"><input size=\"40\" maxlength=\"400\" class=\"wpcf7-form-control wpcf7-email wpcf7-validates-as-required wpcf7-text wpcf7-validates-as-email\" aria-required=\"true\" aria-invalid=\"false\" value=\"\" type=\"email\" name=\"your-email\" \/><\/span> <\/label>\n<\/p>\n<p><label style=\"color: #fff;\"> Tu mensaje<br \/>\n<span class=\"wpcf7-form-control-wrap\" data-name=\"your-message\"><textarea cols=\"40\" rows=\"10\" maxlength=\"2000\" class=\"wpcf7-form-control wpcf7-textarea\" aria-invalid=\"false\" name=\"your-message\"><\/textarea><\/span> <\/label>\n<\/p>\n<p><input class=\"wpcf7-form-control wpcf7-submit has-spinner\" type=\"submit\" value=\"Enviar\" \/>\n<\/p><p style=\"display: none !important;\" class=\"akismet-fields-container\" data-prefix=\"_wpcf7_ak_\"><label>&#916;<textarea name=\"_wpcf7_ak_hp_textarea\" cols=\"45\" rows=\"8\" maxlength=\"100\"><\/textarea><\/label><input type=\"hidden\" id=\"ak_js_1\" name=\"_wpcf7_ak_js\" value=\"34\"\/><script>document.getElementById( \"ak_js_1\" ).setAttribute( \"value\", ( new Date() ).getTime() );<\/script><\/p><div class=\"wpcf7-response-output\" aria-hidden=\"true\"><\/div>\n<\/form>\n<\/div>\n[\/qode_elements_holder_item][\/qode_elements_holder][\/vc_column_inner][\/vc_row_inner][\/vc_column][\/vc_row]<\/p>\n<\/div>","protected":false},"excerpt":{"rendered":"<p>[vc_row css_animation=&#8221;&#8221; row_type=&#8221;row&#8221; use_row_as_full_screen_section=&#8221;no&#8221; type=&#8221;grid&#8221; angled_section=&#8221;no&#8221; text_align=&#8221;left&#8221; background_image_as_pattern=&#8221;without_pattern&#8221; z_index=&#8221;&#8221; background_color=&#8221;#96c4c6&#8243; padding_top=&#8221;80&#8243; padding_bottom=&#8221;50&#8243; background_image=&#8221;188&#8243;][vc_column][vc_column_text] Links of interest [\/vc_column_text][\/vc_column][\/vc_row][vc_row css_animation=&#8221;&#8221; row_type=&#8221;row&#8221; use_row_as_full_screen_section=&#8221;no&#8221; type=&#8221;grid&#8221; angled_section=&#8221;no&#8221; text_align=&#8221;center&#8221; background_image_as_pattern=&#8221;without_pattern&#8221; anchor=&#8221;about&#8221; padding_top=&#8221;100&#8243; z_index=&#8221;&#8221; padding_bottom=&#8221;35&#8243;][vc_column][vc_column_text][\/vc_column_text][vc_separator type=&#8221;small&#8221; position=&#8221;left&#8221; color=&#8221;#96c4c6&#8243; thickness=&#8221;5&#8243; width=&#8221;50&#8243; up=&#8221;8&#8243; down=&#8221;8&#8243;][\/vc_column][\/vc_row][vc_row css_animation=&#8221;&#8221; row_type=&#8221;row&#8221; use_row_as_full_screen_section=&#8221;no&#8221; type=&#8221;grid&#8221; angled_section=&#8221;no&#8221; text_align=&#8221;left&#8221; background_image_as_pattern=&#8221;without_pattern&#8221; z_index=&#8221;&#8221; padding_top=&#8221;0&#8243; padding_bottom=&#8221;150&#8243; anchor=&#8221;#elequipo&#8221;][vc_column][vc_separator type=&#8221;normal&#8221; up=&#8221;12&#8243; down=&#8221;12&#8243;][vc_column_text] Teacher&#8230;<\/p>\n","protected":false},"author":1,"featured_media":0,"parent":1146,"menu_order":0,"comment_status":"closed","ping_status":"closed","template":"full_width.php","meta":{"footnotes":""},"class_list":["post-1138","page","type-page","status-publish","hentry"],"yoast_head":"<!-- This site is optimized with the Yoast SEO plugin v25.8 - https:\/\/yoast.com\/wordpress\/plugins\/seo\/ -->\n<title>Links of Interest - Aragonese Centre of Foreign Languages for Education<\/title>\n<meta name=\"robots\" content=\"index, follow, max-snippet:-1, max-image-preview:large, max-video-preview:-1\" \/>\n<link rel=\"canonical\" href=\"https:\/\/www.carleearagon.es\/en\/about\/links-of-interest\/\" \/>\n<meta property=\"og:locale\" content=\"en_US\" \/>\n<meta property=\"og:type\" content=\"article\" \/>\n<meta property=\"og:title\" content=\"Links of Interest - Aragonese Centre of Foreign Languages for Education\" \/>\n<meta property=\"og:description\" content=\"[vc_row css_animation=&#8221;&#8221; row_type=&#8221;row&#8221; use_row_as_full_screen_section=&#8221;no&#8221; type=&#8221;grid&#8221; angled_section=&#8221;no&#8221; text_align=&#8221;left&#8221; background_image_as_pattern=&#8221;without_pattern&#8221; z_index=&#8221;&#8221; background_color=&#8221;#96c4c6&#8243; padding_top=&#8221;80&#8243; padding_bottom=&#8221;50&#8243; background_image=&#8221;188&#8243;][vc_column][vc_column_text] Links of interest [\/vc_column_text][\/vc_column][\/vc_row][vc_row css_animation=&#8221;&#8221; row_type=&#8221;row&#8221; use_row_as_full_screen_section=&#8221;no&#8221; type=&#8221;grid&#8221; angled_section=&#8221;no&#8221; text_align=&#8221;center&#8221; background_image_as_pattern=&#8221;without_pattern&#8221; anchor=&#8221;about&#8221; padding_top=&#8221;100&#8243; z_index=&#8221;&#8221; padding_bottom=&#8221;35&#8243;][vc_column][vc_column_text][\/vc_column_text][vc_separator type=&#8221;small&#8221; position=&#8221;left&#8221; color=&#8221;#96c4c6&#8243; thickness=&#8221;5&#8243; width=&#8221;50&#8243; up=&#8221;8&#8243; down=&#8221;8&#8243;][\/vc_column][\/vc_row][vc_row css_animation=&#8221;&#8221; row_type=&#8221;row&#8221; use_row_as_full_screen_section=&#8221;no&#8221; type=&#8221;grid&#8221; angled_section=&#8221;no&#8221; text_align=&#8221;left&#8221; background_image_as_pattern=&#8221;without_pattern&#8221; z_index=&#8221;&#8221; padding_top=&#8221;0&#8243; padding_bottom=&#8221;150&#8243; anchor=&#8221;#elequipo&#8221;][vc_column][vc_separator type=&#8221;normal&#8221; up=&#8221;12&#8243; down=&#8221;12&#8243;][vc_column_text] Teacher...\" \/>\n<meta property=\"og:url\" content=\"https:\/\/www.carleearagon.es\/en\/about\/links-of-interest\/\" \/>\n<meta property=\"og:site_name\" content=\"Carlee Arag\u00f3n\" \/>\n<meta property=\"article:modified_time\" content=\"2025-03-20T12:44:42+00:00\" \/>\n<meta name=\"twitter:card\" content=\"summary_large_image\" \/>\n<meta name=\"twitter:label1\" content=\"Est. reading time\" \/>\n\t<meta name=\"twitter:data1\" content=\"2 minutes\" \/>\n<script type=\"application\/ld+json\" class=\"yoast-schema-graph\">{\"@context\":\"https:\/\/schema.org\",\"@graph\":[{\"@type\":\"WebPage\",\"@id\":\"https:\/\/www.carleearagon.es\/en\/about\/links-of-interest\/\",\"url\":\"https:\/\/www.carleearagon.es\/en\/about\/links-of-interest\/\",\"name\":\"Links of Interest - Aragonese Centre of Foreign Languages for Education\",\"isPartOf\":{\"@id\":\"https:\/\/www.carleearagon.es\/en\/#website\"},\"datePublished\":\"2019-12-18T10:15:13+00:00\",\"dateModified\":\"2025-03-20T12:44:42+00:00\",\"breadcrumb\":{\"@id\":\"https:\/\/www.carleearagon.es\/en\/about\/links-of-interest\/#breadcrumb\"},\"inLanguage\":\"en-US\",\"potentialAction\":[{\"@type\":\"ReadAction\",\"target\":[\"https:\/\/www.carleearagon.es\/en\/about\/links-of-interest\/\"]}]},{\"@type\":\"BreadcrumbList\",\"@id\":\"https:\/\/www.carleearagon.es\/en\/about\/links-of-interest\/#breadcrumb\",\"itemListElement\":[{\"@type\":\"ListItem\",\"position\":1,\"name\":\"Portada\",\"item\":\"https:\/\/www.carleearagon.es\/en\/\"},{\"@type\":\"ListItem\",\"position\":2,\"name\":\"Learn about us\",\"item\":\"https:\/\/www.carleearagon.es\/en\/about\/\"},{\"@type\":\"ListItem\",\"position\":3,\"name\":\"Links of interest\"}]},{\"@type\":\"WebSite\",\"@id\":\"https:\/\/www.carleearagon.es\/en\/#website\",\"url\":\"https:\/\/www.carleearagon.es\/en\/\",\"name\":\"Carlee Arag\u00f3n\",\"description\":\"Centro Aragon\u00e9s de Lenguas Extranjeras para la Educaci\u00f3n\",\"potentialAction\":[{\"@type\":\"SearchAction\",\"target\":{\"@type\":\"EntryPoint\",\"urlTemplate\":\"https:\/\/www.carleearagon.es\/en\/?s={search_term_string}\"},\"query-input\":{\"@type\":\"PropertyValueSpecification\",\"valueRequired\":true,\"valueName\":\"search_term_string\"}}],\"inLanguage\":\"en-US\"}]}<\/script>\n<!-- \/ Yoast SEO plugin. -->","yoast_head_json":{"title":"Links of Interest - Aragonese Centre of Foreign Languages for Education","robots":{"index":"index","follow":"follow","max-snippet":"max-snippet:-1","max-image-preview":"max-image-preview:large","max-video-preview":"max-video-preview:-1"},"canonical":"https:\/\/www.carleearagon.es\/en\/about\/links-of-interest\/","og_locale":"en_US","og_type":"article","og_title":"Links of Interest - Aragonese Centre of Foreign Languages for Education","og_description":"[vc_row css_animation=&#8221;&#8221; row_type=&#8221;row&#8221; use_row_as_full_screen_section=&#8221;no&#8221; type=&#8221;grid&#8221; angled_section=&#8221;no&#8221; text_align=&#8221;left&#8221; background_image_as_pattern=&#8221;without_pattern&#8221; z_index=&#8221;&#8221; background_color=&#8221;#96c4c6&#8243; padding_top=&#8221;80&#8243; padding_bottom=&#8221;50&#8243; background_image=&#8221;188&#8243;][vc_column][vc_column_text] Links of interest [\/vc_column_text][\/vc_column][\/vc_row][vc_row css_animation=&#8221;&#8221; row_type=&#8221;row&#8221; use_row_as_full_screen_section=&#8221;no&#8221; type=&#8221;grid&#8221; angled_section=&#8221;no&#8221; text_align=&#8221;center&#8221; background_image_as_pattern=&#8221;without_pattern&#8221; anchor=&#8221;about&#8221; padding_top=&#8221;100&#8243; z_index=&#8221;&#8221; padding_bottom=&#8221;35&#8243;][vc_column][vc_column_text][\/vc_column_text][vc_separator type=&#8221;small&#8221; position=&#8221;left&#8221; color=&#8221;#96c4c6&#8243; thickness=&#8221;5&#8243; width=&#8221;50&#8243; up=&#8221;8&#8243; down=&#8221;8&#8243;][\/vc_column][\/vc_row][vc_row css_animation=&#8221;&#8221; row_type=&#8221;row&#8221; use_row_as_full_screen_section=&#8221;no&#8221; type=&#8221;grid&#8221; angled_section=&#8221;no&#8221; text_align=&#8221;left&#8221; background_image_as_pattern=&#8221;without_pattern&#8221; z_index=&#8221;&#8221; padding_top=&#8221;0&#8243; padding_bottom=&#8221;150&#8243; anchor=&#8221;#elequipo&#8221;][vc_column][vc_separator type=&#8221;normal&#8221; up=&#8221;12&#8243; down=&#8221;12&#8243;][vc_column_text] Teacher...","og_url":"https:\/\/www.carleearagon.es\/en\/about\/links-of-interest\/","og_site_name":"Carlee Arag\u00f3n","article_modified_time":"2025-03-20T12:44:42+00:00","twitter_card":"summary_large_image","twitter_misc":{"Est. reading time":"2 minutes"},"schema":{"@context":"https:\/\/schema.org","@graph":[{"@type":"WebPage","@id":"https:\/\/www.carleearagon.es\/en\/about\/links-of-interest\/","url":"https:\/\/www.carleearagon.es\/en\/about\/links-of-interest\/","name":"Links of Interest - Aragonese Centre of Foreign Languages for Education","isPartOf":{"@id":"https:\/\/www.carleearagon.es\/en\/#website"},"datePublished":"2019-12-18T10:15:13+00:00","dateModified":"2025-03-20T12:44:42+00:00","breadcrumb":{"@id":"https:\/\/www.carleearagon.es\/en\/about\/links-of-interest\/#breadcrumb"},"inLanguage":"en-US","potentialAction":[{"@type":"ReadAction","target":["https:\/\/www.carleearagon.es\/en\/about\/links-of-interest\/"]}]},{"@type":"BreadcrumbList","@id":"https:\/\/www.carleearagon.es\/en\/about\/links-of-interest\/#breadcrumb","itemListElement":[{"@type":"ListItem","position":1,"name":"Portada","item":"https:\/\/www.carleearagon.es\/en\/"},{"@type":"ListItem","position":2,"name":"Learn about us","item":"https:\/\/www.carleearagon.es\/en\/about\/"},{"@type":"ListItem","position":3,"name":"Links of interest"}]},{"@type":"WebSite","@id":"https:\/\/www.carleearagon.es\/en\/#website","url":"https:\/\/www.carleearagon.es\/en\/","name":"Carlee Arag\u00f3n","description":"Centro Aragon\u00e9s de Lenguas Extranjeras para la Educaci\u00f3n","potentialAction":[{"@type":"SearchAction","target":{"@type":"EntryPoint","urlTemplate":"https:\/\/www.carleearagon.es\/en\/?s={search_term_string}"},"query-input":{"@type":"PropertyValueSpecification","valueRequired":true,"valueName":"search_term_string"}}],"inLanguage":"en-US"}]}},"_links":{"self":[{"href":"https:\/\/www.carleearagon.es\/en\/wp-json\/wp\/v2\/pages\/1138","targetHints":{"allow":["GET"]}}],"collection":[{"href":"https:\/\/www.carleearagon.es\/en\/wp-json\/wp\/v2\/pages"}],"about":[{"href":"https:\/\/www.carleearagon.es\/en\/wp-json\/wp\/v2\/types\/page"}],"author":[{"embeddable":true,"href":"https:\/\/www.carleearagon.es\/en\/wp-json\/wp\/v2\/users\/1"}],"replies":[{"embeddable":true,"href":"https:\/\/www.carleearagon.es\/en\/wp-json\/wp\/v2\/comments?post=1138"}],"version-history":[{"count":8,"href":"https:\/\/www.carleearagon.es\/en\/wp-json\/wp\/v2\/pages\/1138\/revisions"}],"predecessor-version":[{"id":6993,"href":"https:\/\/www.carleearagon.es\/en\/wp-json\/wp\/v2\/pages\/1138\/revisions\/6993"}],"up":[{"embeddable":true,"href":"https:\/\/www.carleearagon.es\/en\/wp-json\/wp\/v2\/pages\/1146"}],"wp:attachment":[{"href":"https:\/\/www.carleearagon.es\/en\/wp-json\/wp\/v2\/media?parent=1138"}],"curies":[{"name":"wp","href":"https:\/\/api.w.org\/{rel}","templated":true}]}}