{"id":1111,"date":"2019-12-18T10:33:43","date_gmt":"2019-12-18T09:33:43","guid":{"rendered":"https:\/\/www.carleearagon.es\/team\/"},"modified":"2025-11-18T12:51:55","modified_gmt":"2025-11-18T11:51:55","slug":"team","status":"publish","type":"page","link":"https:\/\/www.carleearagon.es\/en\/about\/team\/","title":{"rendered":"Our team"},"content":{"rendered":"<div class=\"wpb-content-wrapper\"><p>[vc_row css_animation=&#8221;&#8221; row_type=&#8221;row&#8221; use_row_as_full_screen_section=&#8221;no&#8221; type=&#8221;grid&#8221; angled_section=&#8221;no&#8221; text_align=&#8221;left&#8221; background_image_as_pattern=&#8221;without_pattern&#8221; z_index=&#8221;&#8221; background_color=&#8221;#96c4c6&#8243; padding_top=&#8221;80&#8243; padding_bottom=&#8221;50&#8243; background_image=&#8221;188&#8243;][vc_column][vc_column_text]<\/p>\n<h1>Our team<\/h1>\n<p>[\/vc_column_text][\/vc_column][\/vc_row][vc_row css_animation=&#8221;&#8221; row_type=&#8221;row&#8221; use_row_as_full_screen_section=&#8221;no&#8221; type=&#8221;grid&#8221; angled_section=&#8221;no&#8221; text_align=&#8221;center&#8221; background_image_as_pattern=&#8221;without_pattern&#8221; anchor=&#8221;about&#8221; padding_top=&#8221;100&#8243; z_index=&#8221;&#8221; padding_bottom=&#8221;35&#8243;][vc_column][vc_column_text]<\/p>\n<h2 style=\"text-align: left;\"><b>Meet our team<\/b><\/h2>\n<p>[\/vc_column_text][vc_separator type=&#8221;small&#8221; position=&#8221;left&#8221; color=&#8221;#96c4c6&#8243; thickness=&#8221;5&#8243; width=&#8221;50&#8243; up=&#8221;8&#8243; down=&#8221;8&#8243;][vc_column_text]<\/p>\n<p class=\"p1\" style=\"text-align: left;\">We are an international team of professionals specialised in the teaching of foreign languages and teaching in bilingual programs.<\/p>\n<p class=\"p1\" style=\"text-align: left;\">Our experience and passion for our work are the keys to our team<\/p>\n<p>[\/vc_column_text][\/vc_column][\/vc_row][vc_row css_animation=&#8221;&#8221; row_type=&#8221;row&#8221; use_row_as_full_screen_section=&#8221;no&#8221; type=&#8221;grid&#8221; angled_section=&#8221;no&#8221; text_align=&#8221;left&#8221; background_image_as_pattern=&#8221;without_pattern&#8221; z_index=&#8221;&#8221; padding_top=&#8221;0&#8243; padding_bottom=&#8221;60&#8243; anchor=&#8221;#elequipo&#8221;][vc_column width=&#8221;1\/3&#8243;][vc_single_image image=&#8221;675&#8243; img_size=&#8221;150&#215;150&#8243; qode_css_animation=&#8221;&#8221;][vc_column_text]<\/p>\n<h3>Management<\/h3>\n<h6><strong>Bel\u00e9n Embid<\/strong><\/h6>\n<p>bembid@carleearagon.es<\/p>\n<p><a href=\"tel:+34976238903\">976 238903<\/a><\/p>\n<p>[\/vc_column_text][\/vc_column][vc_column width=&#8221;1\/3&#8243;][vc_single_image image=&#8221;654&#8243; img_size=&#8221;150&#215;150&#8243; qode_css_animation=&#8221;&#8221;][vc_column_text css=&#8221;&#8221;]<\/p>\n<h3>Secretary &amp; Internationalisation Advisor<\/h3>\n<h6><b>Leticia Fern\u00e1ndez<\/b><\/h6>\n<p>lfernandez@carleearagon.es<\/p>\n<p><a href=\"tel:+34976506628\">974 227361<\/a>[\/vc_column_text][\/vc_column][vc_column width=&#8221;1\/3&#8243;][vc_single_image image=&#8221;657&#8243; img_size=&#8221;150&#215;150&#8243; qode_css_animation=&#8221;&#8221;][vc_column_text css=&#8221;&#8221;]<\/p>\n<h3>Administration<\/h3>\n<h6><strong>Laura Agust\u00edn<\/strong><\/h6>\n<p>administracion@carleearagon.es[\/vc_column_text][\/vc_column][\/vc_row][vc_row css_animation=&#8221;&#8221; row_type=&#8221;row&#8221; use_row_as_full_screen_section=&#8221;no&#8221; type=&#8221;grid&#8221; angled_section=&#8221;no&#8221; text_align=&#8221;left&#8221; background_image_as_pattern=&#8221;without_pattern&#8221; z_index=&#8221;&#8221; padding_top=&#8221;100&#8243; padding_bottom=&#8221;100&#8243; background_color=&#8221;rgba(240,240,239,0.46)&#8221;][vc_column][vc_column_text]<\/p>\n<h3>Language teachers and teacher training advisors<\/h3>\n<p>[\/vc_column_text][vc_separator type=&#8221;small&#8221; position=&#8221;left&#8221; color=&#8221;#96c4c6&#8243; thickness=&#8221;5&#8243; width=&#8221;50&#8243; up=&#8221;8&#8243; down=&#8221;8&#8243;][vc_row_inner row_type=&#8221;row&#8221; type=&#8221;full_width&#8221; text_align=&#8221;left&#8221; css_animation=&#8221;&#8221;][vc_column_inner width=&#8221;1\/3&#8243;][vc_single_image image=&#8221;684&#8243; img_size=&#8221;150&#215;150&#8243; qode_css_animation=&#8221;&#8221;][vc_column_text]<\/p>\n<h3>English (Zaragoza)<\/h3>\n<h6><b>Sarah Forsey<\/b><\/h6>\n<p>sjforsey@carleearagon.es<\/p>\n<p><a href=\"tel:+34976238903\">976 238903<\/a>[\/vc_column_text][vc_empty_space height=&#8221;70&#8243;][\/vc_column_inner][vc_column_inner width=&#8221;1\/3&#8243;][vc_single_image image=&#8221;687&#8243; img_size=&#8221;150&#215;150&#8243; qode_css_animation=&#8221;&#8221;][vc_column_text css=&#8221;&#8221;]<\/p>\n<h3>French<\/h3>\n<h6><strong>Isabel Andr\u00e9s<\/strong><\/h6>\n<p>jiandres@carleearagon.es<\/p>\n<p><a href=\"tel:+34976238903\">976 238903<\/a><\/p>\n<p><a href=\"https:\/\/francescarlee.blogspot.com\/\">French BLOG<\/a> CARLEE[\/vc_column_text][\/vc_column_inner][\/vc_row_inner][vc_row_inner row_type=&#8221;row&#8221; type=&#8221;full_width&#8221; text_align=&#8221;left&#8221; css_animation=&#8221;&#8221;][vc_column_inner width=&#8221;1\/3&#8243;][\/vc_column_inner][\/vc_row_inner][\/vc_column][\/vc_row]<\/p>\n<\/div>","protected":false},"excerpt":{"rendered":"<p>[vc_row css_animation=&#8221;&#8221; row_type=&#8221;row&#8221; use_row_as_full_screen_section=&#8221;no&#8221; type=&#8221;grid&#8221; angled_section=&#8221;no&#8221; text_align=&#8221;left&#8221; background_image_as_pattern=&#8221;without_pattern&#8221; z_index=&#8221;&#8221; background_color=&#8221;#96c4c6&#8243; padding_top=&#8221;80&#8243; padding_bottom=&#8221;50&#8243; background_image=&#8221;188&#8243;][vc_column][vc_column_text] Our team [\/vc_column_text][\/vc_column][\/vc_row][vc_row css_animation=&#8221;&#8221; row_type=&#8221;row&#8221; use_row_as_full_screen_section=&#8221;no&#8221; type=&#8221;grid&#8221; angled_section=&#8221;no&#8221; text_align=&#8221;center&#8221; background_image_as_pattern=&#8221;without_pattern&#8221; anchor=&#8221;about&#8221; padding_top=&#8221;100&#8243; z_index=&#8221;&#8221; padding_bottom=&#8221;35&#8243;][vc_column][vc_column_text] Meet our team [\/vc_column_text][vc_separator type=&#8221;small&#8221; position=&#8221;left&#8221; color=&#8221;#96c4c6&#8243; thickness=&#8221;5&#8243; width=&#8221;50&#8243; up=&#8221;8&#8243; down=&#8221;8&#8243;][vc_column_text] We are an international team of professionals specialised in the teaching of&#8230;<\/p>\n","protected":false},"author":1,"featured_media":0,"parent":1146,"menu_order":0,"comment_status":"closed","ping_status":"closed","template":"full_width.php","meta":{"footnotes":""},"class_list":["post-1111","page","type-page","status-publish","hentry"],"yoast_head":"<!-- This site is optimized with the Yoast SEO plugin v27.4 - https:\/\/yoast.com\/product\/yoast-seo-wordpress\/ -->\n<title>CARLEE Team - Aragonese Centre for Foreign Languages for Education<\/title>\n<meta name=\"robots\" content=\"index, follow, max-snippet:-1, max-image-preview:large, max-video-preview:-1\" \/>\n<link rel=\"canonical\" href=\"https:\/\/www.carleearagon.es\/en\/about\/team\/\" \/>\n<meta property=\"og:locale\" content=\"en_US\" \/>\n<meta property=\"og:type\" content=\"article\" \/>\n<meta property=\"og:title\" content=\"CARLEE Team - Aragonese Centre for Foreign Languages for Education\" \/>\n<meta property=\"og:description\" content=\"[vc_row css_animation=&#8221;&#8221; row_type=&#8221;row&#8221; use_row_as_full_screen_section=&#8221;no&#8221; type=&#8221;grid&#8221; angled_section=&#8221;no&#8221; text_align=&#8221;left&#8221; background_image_as_pattern=&#8221;without_pattern&#8221; z_index=&#8221;&#8221; background_color=&#8221;#96c4c6&#8243; padding_top=&#8221;80&#8243; padding_bottom=&#8221;50&#8243; background_image=&#8221;188&#8243;][vc_column][vc_column_text] Our team [\/vc_column_text][\/vc_column][\/vc_row][vc_row css_animation=&#8221;&#8221; row_type=&#8221;row&#8221; use_row_as_full_screen_section=&#8221;no&#8221; type=&#8221;grid&#8221; angled_section=&#8221;no&#8221; text_align=&#8221;center&#8221; background_image_as_pattern=&#8221;without_pattern&#8221; anchor=&#8221;about&#8221; padding_top=&#8221;100&#8243; z_index=&#8221;&#8221; padding_bottom=&#8221;35&#8243;][vc_column][vc_column_text] Meet our team [\/vc_column_text][vc_separator type=&#8221;small&#8221; position=&#8221;left&#8221; color=&#8221;#96c4c6&#8243; thickness=&#8221;5&#8243; width=&#8221;50&#8243; up=&#8221;8&#8243; down=&#8221;8&#8243;][vc_column_text] We are an international team of professionals specialised in the teaching of...\" \/>\n<meta property=\"og:url\" content=\"https:\/\/www.carleearagon.es\/en\/about\/team\/\" \/>\n<meta property=\"og:site_name\" content=\"Carlee Arag\u00f3n\" \/>\n<meta property=\"article:modified_time\" content=\"2025-11-18T11:51:55+00:00\" \/>\n<meta name=\"twitter:card\" content=\"summary_large_image\" \/>\n<meta name=\"twitter:label1\" content=\"Est. reading time\" \/>\n\t<meta name=\"twitter:data1\" content=\"3 minutes\" \/>\n<script type=\"application\/ld+json\" class=\"yoast-schema-graph\">{\"@context\":\"https:\\\/\\\/schema.org\",\"@graph\":[{\"@type\":\"WebPage\",\"@id\":\"https:\\\/\\\/www.carleearagon.es\\\/en\\\/about\\\/team\\\/\",\"url\":\"https:\\\/\\\/www.carleearagon.es\\\/en\\\/about\\\/team\\\/\",\"name\":\"CARLEE Team - Aragonese Centre for Foreign Languages for Education\",\"isPartOf\":{\"@id\":\"https:\\\/\\\/www.carleearagon.es\\\/en\\\/#website\"},\"datePublished\":\"2019-12-18T09:33:43+00:00\",\"dateModified\":\"2025-11-18T11:51:55+00:00\",\"breadcrumb\":{\"@id\":\"https:\\\/\\\/www.carleearagon.es\\\/en\\\/about\\\/team\\\/#breadcrumb\"},\"inLanguage\":\"en-US\",\"potentialAction\":[{\"@type\":\"ReadAction\",\"target\":[\"https:\\\/\\\/www.carleearagon.es\\\/en\\\/about\\\/team\\\/\"]}]},{\"@type\":\"BreadcrumbList\",\"@id\":\"https:\\\/\\\/www.carleearagon.es\\\/en\\\/about\\\/team\\\/#breadcrumb\",\"itemListElement\":[{\"@type\":\"ListItem\",\"position\":1,\"name\":\"Portada\",\"item\":\"https:\\\/\\\/www.carleearagon.es\\\/en\\\/\"},{\"@type\":\"ListItem\",\"position\":2,\"name\":\"Learn about us\",\"item\":\"https:\\\/\\\/www.carleearagon.es\\\/en\\\/about\\\/\"},{\"@type\":\"ListItem\",\"position\":3,\"name\":\"Our team\"}]},{\"@type\":\"WebSite\",\"@id\":\"https:\\\/\\\/www.carleearagon.es\\\/en\\\/#website\",\"url\":\"https:\\\/\\\/www.carleearagon.es\\\/en\\\/\",\"name\":\"Carlee Arag\u00f3n\",\"description\":\"Centro Aragon\u00e9s de Lenguas Extranjeras para la Educaci\u00f3n\",\"potentialAction\":[{\"@type\":\"SearchAction\",\"target\":{\"@type\":\"EntryPoint\",\"urlTemplate\":\"https:\\\/\\\/www.carleearagon.es\\\/en\\\/?s={search_term_string}\"},\"query-input\":{\"@type\":\"PropertyValueSpecification\",\"valueRequired\":true,\"valueName\":\"search_term_string\"}}],\"inLanguage\":\"en-US\"}]}<\/script>\n<!-- \/ Yoast SEO plugin. -->","yoast_head_json":{"title":"CARLEE Team - Aragonese Centre for Foreign Languages for Education","robots":{"index":"index","follow":"follow","max-snippet":"max-snippet:-1","max-image-preview":"max-image-preview:large","max-video-preview":"max-video-preview:-1"},"canonical":"https:\/\/www.carleearagon.es\/en\/about\/team\/","og_locale":"en_US","og_type":"article","og_title":"CARLEE Team - Aragonese Centre for Foreign Languages for Education","og_description":"[vc_row css_animation=&#8221;&#8221; row_type=&#8221;row&#8221; use_row_as_full_screen_section=&#8221;no&#8221; type=&#8221;grid&#8221; angled_section=&#8221;no&#8221; text_align=&#8221;left&#8221; background_image_as_pattern=&#8221;without_pattern&#8221; z_index=&#8221;&#8221; background_color=&#8221;#96c4c6&#8243; padding_top=&#8221;80&#8243; padding_bottom=&#8221;50&#8243; background_image=&#8221;188&#8243;][vc_column][vc_column_text] Our team [\/vc_column_text][\/vc_column][\/vc_row][vc_row css_animation=&#8221;&#8221; row_type=&#8221;row&#8221; use_row_as_full_screen_section=&#8221;no&#8221; type=&#8221;grid&#8221; angled_section=&#8221;no&#8221; text_align=&#8221;center&#8221; background_image_as_pattern=&#8221;without_pattern&#8221; anchor=&#8221;about&#8221; padding_top=&#8221;100&#8243; z_index=&#8221;&#8221; padding_bottom=&#8221;35&#8243;][vc_column][vc_column_text] Meet our team [\/vc_column_text][vc_separator type=&#8221;small&#8221; position=&#8221;left&#8221; color=&#8221;#96c4c6&#8243; thickness=&#8221;5&#8243; width=&#8221;50&#8243; up=&#8221;8&#8243; down=&#8221;8&#8243;][vc_column_text] We are an international team of professionals specialised in the teaching of...","og_url":"https:\/\/www.carleearagon.es\/en\/about\/team\/","og_site_name":"Carlee Arag\u00f3n","article_modified_time":"2025-11-18T11:51:55+00:00","twitter_card":"summary_large_image","twitter_misc":{"Est. reading time":"3 minutes"},"schema":{"@context":"https:\/\/schema.org","@graph":[{"@type":"WebPage","@id":"https:\/\/www.carleearagon.es\/en\/about\/team\/","url":"https:\/\/www.carleearagon.es\/en\/about\/team\/","name":"CARLEE Team - Aragonese Centre for Foreign Languages for Education","isPartOf":{"@id":"https:\/\/www.carleearagon.es\/en\/#website"},"datePublished":"2019-12-18T09:33:43+00:00","dateModified":"2025-11-18T11:51:55+00:00","breadcrumb":{"@id":"https:\/\/www.carleearagon.es\/en\/about\/team\/#breadcrumb"},"inLanguage":"en-US","potentialAction":[{"@type":"ReadAction","target":["https:\/\/www.carleearagon.es\/en\/about\/team\/"]}]},{"@type":"BreadcrumbList","@id":"https:\/\/www.carleearagon.es\/en\/about\/team\/#breadcrumb","itemListElement":[{"@type":"ListItem","position":1,"name":"Portada","item":"https:\/\/www.carleearagon.es\/en\/"},{"@type":"ListItem","position":2,"name":"Learn about us","item":"https:\/\/www.carleearagon.es\/en\/about\/"},{"@type":"ListItem","position":3,"name":"Our team"}]},{"@type":"WebSite","@id":"https:\/\/www.carleearagon.es\/en\/#website","url":"https:\/\/www.carleearagon.es\/en\/","name":"Carlee Arag\u00f3n","description":"Centro Aragon\u00e9s de Lenguas Extranjeras para la Educaci\u00f3n","potentialAction":[{"@type":"SearchAction","target":{"@type":"EntryPoint","urlTemplate":"https:\/\/www.carleearagon.es\/en\/?s={search_term_string}"},"query-input":{"@type":"PropertyValueSpecification","valueRequired":true,"valueName":"search_term_string"}}],"inLanguage":"en-US"}]}},"_links":{"self":[{"href":"https:\/\/www.carleearagon.es\/en\/wp-json\/wp\/v2\/pages\/1111","targetHints":{"allow":["GET"]}}],"collection":[{"href":"https:\/\/www.carleearagon.es\/en\/wp-json\/wp\/v2\/pages"}],"about":[{"href":"https:\/\/www.carleearagon.es\/en\/wp-json\/wp\/v2\/types\/page"}],"author":[{"embeddable":true,"href":"https:\/\/www.carleearagon.es\/en\/wp-json\/wp\/v2\/users\/1"}],"replies":[{"embeddable":true,"href":"https:\/\/www.carleearagon.es\/en\/wp-json\/wp\/v2\/comments?post=1111"}],"version-history":[{"count":49,"href":"https:\/\/www.carleearagon.es\/en\/wp-json\/wp\/v2\/pages\/1111\/revisions"}],"predecessor-version":[{"id":7348,"href":"https:\/\/www.carleearagon.es\/en\/wp-json\/wp\/v2\/pages\/1111\/revisions\/7348"}],"up":[{"embeddable":true,"href":"https:\/\/www.carleearagon.es\/en\/wp-json\/wp\/v2\/pages\/1146"}],"wp:attachment":[{"href":"https:\/\/www.carleearagon.es\/en\/wp-json\/wp\/v2\/media?parent=1111"}],"curies":[{"name":"wp","href":"https:\/\/api.w.org\/{rel}","templated":true}]}}