{"id":1106,"date":"2019-12-18T10:24:28","date_gmt":"2019-12-18T09:24:28","guid":{"rendered":"https:\/\/www.carleearagon.es\/objectives\/"},"modified":"2025-11-18T12:59:24","modified_gmt":"2025-11-18T11:59:24","slug":"objectives","status":"publish","type":"page","link":"https:\/\/www.carleearagon.es\/en\/about\/objectives\/","title":{"rendered":"Our objectives"},"content":{"rendered":"<div class=\"wpb-content-wrapper\"><p>[vc_row css_animation=&#8221;&#8221; row_type=&#8221;row&#8221; use_row_as_full_screen_section=&#8221;no&#8221; type=&#8221;grid&#8221; angled_section=&#8221;no&#8221; text_align=&#8221;left&#8221; background_image_as_pattern=&#8221;without_pattern&#8221; z_index=&#8221;&#8221; background_color=&#8221;#96c4c6&#8243; padding_top=&#8221;80&#8243; padding_bottom=&#8221;50&#8243; background_image=&#8221;188&#8243;][vc_column][vc_column_text]<\/p>\n<h1>Our Objectives<\/h1>\n<p>[\/vc_column_text][\/vc_column][\/vc_row][vc_row css_animation=&#8221;&#8221; row_type=&#8221;row&#8221; use_row_as_full_screen_section=&#8221;no&#8221; type=&#8221;grid&#8221; angled_section=&#8221;no&#8221; text_align=&#8221;center&#8221; background_image_as_pattern=&#8221;without_pattern&#8221; anchor=&#8221;#objetivos&#8221; padding_top=&#8221;100&#8243; z_index=&#8221;&#8221; padding_bottom=&#8221;150&#8243; background_color=&#8221;rgba(240,240,239,0.46)&#8221;][vc_column][vc_column_text]<\/p>\n<h2 style=\"text-align: left;\"><b>What are our goals?<\/b><\/h2>\n<p>[\/vc_column_text][vc_separator type=&#8221;small&#8221; position=&#8221;left&#8221; color=&#8221;#96c4c6&#8243; thickness=&#8221;5&#8243; width=&#8221;50&#8243; up=&#8221;8&#8243; down=&#8221;8&#8243;][vc_row_inner row_type=&#8221;row&#8221; type=&#8221;full_width&#8221; text_align=&#8221;left&#8221; css_animation=&#8221;&#8221; padding_top=&#8221;20&#8243;][vc_column_inner width=&#8221;1\/4&#8243;][vc_single_image image=&#8221;678&#8243; img_size=&#8221;150&#215;150&#8243; qode_css_animation=&#8221;&#8221;][vc_empty_space height=&#8221;22px&#8221;][vc_column_text]<\/p>\n<h3>To help<\/h3>\n<p class=\"p1\">We help foreign language teachers in Aragon to improve their linguistic and methodological skills.<\/p>\n<p>[\/vc_column_text][vc_empty_space height=&#8221;22px&#8221;][\/vc_column_inner][vc_column_inner width=&#8221;1\/4&#8243;][vc_single_image image=&#8221;675&#8243; img_size=&#8221;150&#215;150&#8243; qode_css_animation=&#8221;&#8221;][vc_empty_space height=&#8221;22px&#8221;][vc_column_text]<\/p>\n<h3>To promote<\/h3>\n<p class=\"p1\">We strive to promote methodological innovation in bilingual and plurilingual education at different educational stages, as well as the integrated use of ICT in the teaching and learning of foreign languages.<\/p>\n<p>[\/vc_column_text][vc_empty_space height=&#8221;22px&#8221;][\/vc_column_inner][vc_column_inner width=&#8221;1\/4&#8243;][vc_single_image image=&#8221;672&#8243; img_size=&#8221;150&#215;150&#8243; qode_css_animation=&#8221;&#8221;][vc_empty_space height=&#8221;22px&#8221;][vc_column_text css=&#8221;&#8221;]<\/p>\n<h3>To accompany<\/h3>\n<p class=\"p1\">We aim to accompany schools, their management teams, coordinators and teachers throughout the implementation of bilingual programmes by offering advice and providing necessary resources.<\/p>\n<p>[\/vc_column_text][vc_empty_space height=&#8221;22px&#8221;][\/vc_column_inner][vc_column_inner width=&#8221;1\/4&#8243;][vc_single_image image=&#8221;669&#8243; img_size=&#8221;150&#215;150&#8243; qode_css_animation=&#8221;&#8221;][vc_empty_space height=&#8221;22px&#8221;][vc_column_text css=&#8221;&#8221;]<\/p>\n<h3>Boost<\/h3>\n<p class=\"p1\">We try to boost the internationalisation of schools in Aragon and encourage the creation of a network of European contacts that will help teachers and pupils to develop both professionally and personally within a European context.<\/p>\n<p>[\/vc_column_text][vc_empty_space height=&#8221;22px&#8221;][\/vc_column_inner][\/vc_row_inner][\/vc_column][\/vc_row][vc_row css_animation=&#8221;&#8221; row_type=&#8221;row&#8221; use_row_as_full_screen_section=&#8221;no&#8221; type=&#8221;full_width&#8221; angled_section=&#8221;no&#8221; text_align=&#8221;left&#8221; background_image_as_pattern=&#8221;without_pattern&#8221; z_index=&#8221;&#8221; el_class=&#8221;qode-row-with-bg&#8221; background_color=&#8221;#96c4c6&#8243;][vc_column][vc_row_inner row_type=&#8221;row&#8221; type=&#8221;grid&#8221; text_align=&#8221;center&#8221; row_negative_margin=&#8221;disable_negative_margin&#8221; css_animation=&#8221;&#8221;][vc_column_inner css=&#8221;.vc_custom_1562747631792{margin-top: -90px !important;background-color: #25395b !important;}&#8221;][qode_elements_holder background_color=&#8221;#25395b&#8221; number_of_columns=&#8221;one_column&#8221;][qode_elements_holder_item vertical_alignment=&#8221;middle&#8221; horizontal_alignment=&#8221;center&#8221; advanced_animations=&#8221;no&#8221; item_padding=&#8221;0px 30px 0px 30px&#8221; custom_class=&#8221;qode-eh-with-contact&#8221;][vc_column_text]<\/p>\n<h3 class=\"p1\" style=\"text-align: center;\"><span style=\"color: #ffffff;\"><b>You can also write to us via our contact form<\/b><\/span><\/h3>\n<p>[\/vc_column_text][vc_empty_space height=&#8221;22px&#8221;]\n<div class=\"wpcf7 no-js\" id=\"wpcf7-f8-o1\" lang=\"es-ES\" dir=\"ltr\" data-wpcf7-id=\"8\">\n<div class=\"screen-reader-response\"><p role=\"status\" aria-live=\"polite\" aria-atomic=\"true\"><\/p> <ul><\/ul><\/div>\n<form action=\"\/en\/wp-json\/wp\/v2\/pages\/1106#wpcf7-f8-o1\" method=\"post\" class=\"wpcf7-form init default\" aria-label=\"Formulario de contacto\" novalidate=\"novalidate\" data-status=\"init\">\n<fieldset class=\"hidden-fields-container\"><input type=\"hidden\" name=\"_wpcf7\" value=\"8\" \/><input type=\"hidden\" name=\"_wpcf7_version\" value=\"6.1.1\" \/><input type=\"hidden\" name=\"_wpcf7_locale\" value=\"es_ES\" \/><input type=\"hidden\" name=\"_wpcf7_unit_tag\" value=\"wpcf7-f8-o1\" \/><input type=\"hidden\" name=\"_wpcf7_container_post\" value=\"0\" \/><input type=\"hidden\" name=\"_wpcf7_posted_data_hash\" value=\"\" \/><input type=\"hidden\" name=\"_wpcf7_recaptcha_response\" value=\"\" \/>\n<\/fieldset>\n<p><label style=\"color: #fff;\"> Tu nombre (requerido)<br \/>\n<span class=\"wpcf7-form-control-wrap\" data-name=\"your-name\"><input size=\"40\" maxlength=\"400\" class=\"wpcf7-form-control wpcf7-text wpcf7-validates-as-required\" aria-required=\"true\" aria-invalid=\"false\" value=\"\" type=\"text\" name=\"your-name\" \/><\/span> <\/label>\n<\/p>\n<p><label style=\"color: #fff;\"> Tu correo electr\u00f3nico (requerido)<br \/>\n<span class=\"wpcf7-form-control-wrap\" data-name=\"your-email\"><input size=\"40\" maxlength=\"400\" class=\"wpcf7-form-control wpcf7-email wpcf7-validates-as-required wpcf7-text wpcf7-validates-as-email\" aria-required=\"true\" aria-invalid=\"false\" value=\"\" type=\"email\" name=\"your-email\" \/><\/span> <\/label>\n<\/p>\n<p><label style=\"color: #fff;\"> Tu mensaje<br \/>\n<span class=\"wpcf7-form-control-wrap\" data-name=\"your-message\"><textarea cols=\"40\" rows=\"10\" maxlength=\"2000\" class=\"wpcf7-form-control wpcf7-textarea\" aria-invalid=\"false\" name=\"your-message\"><\/textarea><\/span> <\/label>\n<\/p>\n<p><input class=\"wpcf7-form-control wpcf7-submit has-spinner\" type=\"submit\" value=\"Enviar\" \/>\n<\/p><p style=\"display: none !important;\" class=\"akismet-fields-container\" data-prefix=\"_wpcf7_ak_\"><label>&#916;<textarea name=\"_wpcf7_ak_hp_textarea\" cols=\"45\" rows=\"8\" maxlength=\"100\"><\/textarea><\/label><input type=\"hidden\" id=\"ak_js_1\" name=\"_wpcf7_ak_js\" value=\"93\"\/><script>document.getElementById( \"ak_js_1\" ).setAttribute( \"value\", ( new Date() ).getTime() );<\/script><\/p><div class=\"wpcf7-response-output\" aria-hidden=\"true\"><\/div>\n<\/form>\n<\/div>\n[\/qode_elements_holder_item][\/qode_elements_holder][\/vc_column_inner][\/vc_row_inner][\/vc_column][vc_column][\/vc_column][\/vc_row]<\/p>\n<\/div>","protected":false},"excerpt":{"rendered":"<p>[vc_row css_animation=&#8221;&#8221; row_type=&#8221;row&#8221; use_row_as_full_screen_section=&#8221;no&#8221; type=&#8221;grid&#8221; angled_section=&#8221;no&#8221; text_align=&#8221;left&#8221; background_image_as_pattern=&#8221;without_pattern&#8221; z_index=&#8221;&#8221; background_color=&#8221;#96c4c6&#8243; padding_top=&#8221;80&#8243; padding_bottom=&#8221;50&#8243; background_image=&#8221;188&#8243;][vc_column][vc_column_text] Our Objectives [\/vc_column_text][\/vc_column][\/vc_row][vc_row css_animation=&#8221;&#8221; row_type=&#8221;row&#8221; use_row_as_full_screen_section=&#8221;no&#8221; type=&#8221;grid&#8221; angled_section=&#8221;no&#8221; text_align=&#8221;center&#8221; background_image_as_pattern=&#8221;without_pattern&#8221; anchor=&#8221;#objetivos&#8221; padding_top=&#8221;100&#8243; z_index=&#8221;&#8221; padding_bottom=&#8221;150&#8243; background_color=&#8221;rgba(240,240,239,0.46)&#8221;][vc_column][vc_column_text] What are our goals? [\/vc_column_text][vc_separator type=&#8221;small&#8221; position=&#8221;left&#8221; color=&#8221;#96c4c6&#8243; thickness=&#8221;5&#8243; width=&#8221;50&#8243; up=&#8221;8&#8243; down=&#8221;8&#8243;][vc_row_inner row_type=&#8221;row&#8221; type=&#8221;full_width&#8221; text_align=&#8221;left&#8221; css_animation=&#8221;&#8221; padding_top=&#8221;20&#8243;][vc_column_inner width=&#8221;1\/4&#8243;][vc_single_image image=&#8221;678&#8243; img_size=&#8221;150&#215;150&#8243; qode_css_animation=&#8221;&#8221;][vc_empty_space height=&#8221;22px&#8221;][vc_column_text]&#8230;<\/p>\n","protected":false},"author":1,"featured_media":0,"parent":1146,"menu_order":0,"comment_status":"closed","ping_status":"closed","template":"full_width.php","meta":{"footnotes":""},"class_list":["post-1106","page","type-page","status-publish","hentry"],"yoast_head":"<!-- This site is optimized with the Yoast SEO plugin v25.8 - https:\/\/yoast.com\/wordpress\/plugins\/seo\/ -->\n<title>CARLEE Objectives - Aragonese Centre for Foreign Languages for Education<\/title>\n<meta name=\"robots\" content=\"index, follow, max-snippet:-1, max-image-preview:large, max-video-preview:-1\" \/>\n<link rel=\"canonical\" href=\"https:\/\/www.carleearagon.es\/en\/about\/objectives\/\" \/>\n<meta property=\"og:locale\" content=\"en_US\" \/>\n<meta property=\"og:type\" content=\"article\" \/>\n<meta property=\"og:title\" content=\"CARLEE Objectives - Aragonese Centre for Foreign Languages for Education\" \/>\n<meta property=\"og:description\" content=\"[vc_row css_animation=&#8221;&#8221; row_type=&#8221;row&#8221; use_row_as_full_screen_section=&#8221;no&#8221; type=&#8221;grid&#8221; angled_section=&#8221;no&#8221; text_align=&#8221;left&#8221; background_image_as_pattern=&#8221;without_pattern&#8221; z_index=&#8221;&#8221; background_color=&#8221;#96c4c6&#8243; padding_top=&#8221;80&#8243; padding_bottom=&#8221;50&#8243; background_image=&#8221;188&#8243;][vc_column][vc_column_text] Our Objectives [\/vc_column_text][\/vc_column][\/vc_row][vc_row css_animation=&#8221;&#8221; row_type=&#8221;row&#8221; use_row_as_full_screen_section=&#8221;no&#8221; type=&#8221;grid&#8221; angled_section=&#8221;no&#8221; text_align=&#8221;center&#8221; background_image_as_pattern=&#8221;without_pattern&#8221; anchor=&#8221;#objetivos&#8221; padding_top=&#8221;100&#8243; z_index=&#8221;&#8221; padding_bottom=&#8221;150&#8243; background_color=&#8221;rgba(240,240,239,0.46)&#8221;][vc_column][vc_column_text] What are our goals? [\/vc_column_text][vc_separator type=&#8221;small&#8221; position=&#8221;left&#8221; color=&#8221;#96c4c6&#8243; thickness=&#8221;5&#8243; width=&#8221;50&#8243; up=&#8221;8&#8243; down=&#8221;8&#8243;][vc_row_inner row_type=&#8221;row&#8221; type=&#8221;full_width&#8221; text_align=&#8221;left&#8221; css_animation=&#8221;&#8221; padding_top=&#8221;20&#8243;][vc_column_inner width=&#8221;1\/4&#8243;][vc_single_image image=&#8221;678&#8243; img_size=&#8221;150&#215;150&#8243; qode_css_animation=&#8221;&#8221;][vc_empty_space height=&#8221;22px&#8221;][vc_column_text]...\" \/>\n<meta property=\"og:url\" content=\"https:\/\/www.carleearagon.es\/en\/about\/objectives\/\" \/>\n<meta property=\"og:site_name\" content=\"Carlee Arag\u00f3n\" \/>\n<meta property=\"article:modified_time\" content=\"2025-11-18T11:59:24+00:00\" \/>\n<meta name=\"twitter:card\" content=\"summary_large_image\" \/>\n<meta name=\"twitter:label1\" content=\"Est. reading time\" \/>\n\t<meta name=\"twitter:data1\" content=\"3 minutes\" \/>\n<script type=\"application\/ld+json\" class=\"yoast-schema-graph\">{\"@context\":\"https:\/\/schema.org\",\"@graph\":[{\"@type\":\"WebPage\",\"@id\":\"https:\/\/www.carleearagon.es\/en\/about\/objectives\/\",\"url\":\"https:\/\/www.carleearagon.es\/en\/about\/objectives\/\",\"name\":\"CARLEE Objectives - Aragonese Centre for Foreign Languages for Education\",\"isPartOf\":{\"@id\":\"https:\/\/www.carleearagon.es\/en\/#website\"},\"datePublished\":\"2019-12-18T09:24:28+00:00\",\"dateModified\":\"2025-11-18T11:59:24+00:00\",\"breadcrumb\":{\"@id\":\"https:\/\/www.carleearagon.es\/en\/about\/objectives\/#breadcrumb\"},\"inLanguage\":\"en-US\",\"potentialAction\":[{\"@type\":\"ReadAction\",\"target\":[\"https:\/\/www.carleearagon.es\/en\/about\/objectives\/\"]}]},{\"@type\":\"BreadcrumbList\",\"@id\":\"https:\/\/www.carleearagon.es\/en\/about\/objectives\/#breadcrumb\",\"itemListElement\":[{\"@type\":\"ListItem\",\"position\":1,\"name\":\"Portada\",\"item\":\"https:\/\/www.carleearagon.es\/en\/\"},{\"@type\":\"ListItem\",\"position\":2,\"name\":\"Learn about us\",\"item\":\"https:\/\/www.carleearagon.es\/en\/about\/\"},{\"@type\":\"ListItem\",\"position\":3,\"name\":\"Our objectives\"}]},{\"@type\":\"WebSite\",\"@id\":\"https:\/\/www.carleearagon.es\/en\/#website\",\"url\":\"https:\/\/www.carleearagon.es\/en\/\",\"name\":\"Carlee Arag\u00f3n\",\"description\":\"Centro Aragon\u00e9s de Lenguas Extranjeras para la Educaci\u00f3n\",\"potentialAction\":[{\"@type\":\"SearchAction\",\"target\":{\"@type\":\"EntryPoint\",\"urlTemplate\":\"https:\/\/www.carleearagon.es\/en\/?s={search_term_string}\"},\"query-input\":{\"@type\":\"PropertyValueSpecification\",\"valueRequired\":true,\"valueName\":\"search_term_string\"}}],\"inLanguage\":\"en-US\"}]}<\/script>\n<!-- \/ Yoast SEO plugin. -->","yoast_head_json":{"title":"CARLEE Objectives - Aragonese Centre for Foreign Languages for Education","robots":{"index":"index","follow":"follow","max-snippet":"max-snippet:-1","max-image-preview":"max-image-preview:large","max-video-preview":"max-video-preview:-1"},"canonical":"https:\/\/www.carleearagon.es\/en\/about\/objectives\/","og_locale":"en_US","og_type":"article","og_title":"CARLEE Objectives - Aragonese Centre for Foreign Languages for Education","og_description":"[vc_row css_animation=&#8221;&#8221; row_type=&#8221;row&#8221; use_row_as_full_screen_section=&#8221;no&#8221; type=&#8221;grid&#8221; angled_section=&#8221;no&#8221; text_align=&#8221;left&#8221; background_image_as_pattern=&#8221;without_pattern&#8221; z_index=&#8221;&#8221; background_color=&#8221;#96c4c6&#8243; padding_top=&#8221;80&#8243; padding_bottom=&#8221;50&#8243; background_image=&#8221;188&#8243;][vc_column][vc_column_text] Our Objectives [\/vc_column_text][\/vc_column][\/vc_row][vc_row css_animation=&#8221;&#8221; row_type=&#8221;row&#8221; use_row_as_full_screen_section=&#8221;no&#8221; type=&#8221;grid&#8221; angled_section=&#8221;no&#8221; text_align=&#8221;center&#8221; background_image_as_pattern=&#8221;without_pattern&#8221; anchor=&#8221;#objetivos&#8221; padding_top=&#8221;100&#8243; z_index=&#8221;&#8221; padding_bottom=&#8221;150&#8243; background_color=&#8221;rgba(240,240,239,0.46)&#8221;][vc_column][vc_column_text] What are our goals? [\/vc_column_text][vc_separator type=&#8221;small&#8221; position=&#8221;left&#8221; color=&#8221;#96c4c6&#8243; thickness=&#8221;5&#8243; width=&#8221;50&#8243; up=&#8221;8&#8243; down=&#8221;8&#8243;][vc_row_inner row_type=&#8221;row&#8221; type=&#8221;full_width&#8221; text_align=&#8221;left&#8221; css_animation=&#8221;&#8221; padding_top=&#8221;20&#8243;][vc_column_inner width=&#8221;1\/4&#8243;][vc_single_image image=&#8221;678&#8243; img_size=&#8221;150&#215;150&#8243; qode_css_animation=&#8221;&#8221;][vc_empty_space height=&#8221;22px&#8221;][vc_column_text]...","og_url":"https:\/\/www.carleearagon.es\/en\/about\/objectives\/","og_site_name":"Carlee Arag\u00f3n","article_modified_time":"2025-11-18T11:59:24+00:00","twitter_card":"summary_large_image","twitter_misc":{"Est. reading time":"3 minutes"},"schema":{"@context":"https:\/\/schema.org","@graph":[{"@type":"WebPage","@id":"https:\/\/www.carleearagon.es\/en\/about\/objectives\/","url":"https:\/\/www.carleearagon.es\/en\/about\/objectives\/","name":"CARLEE Objectives - Aragonese Centre for Foreign Languages for Education","isPartOf":{"@id":"https:\/\/www.carleearagon.es\/en\/#website"},"datePublished":"2019-12-18T09:24:28+00:00","dateModified":"2025-11-18T11:59:24+00:00","breadcrumb":{"@id":"https:\/\/www.carleearagon.es\/en\/about\/objectives\/#breadcrumb"},"inLanguage":"en-US","potentialAction":[{"@type":"ReadAction","target":["https:\/\/www.carleearagon.es\/en\/about\/objectives\/"]}]},{"@type":"BreadcrumbList","@id":"https:\/\/www.carleearagon.es\/en\/about\/objectives\/#breadcrumb","itemListElement":[{"@type":"ListItem","position":1,"name":"Portada","item":"https:\/\/www.carleearagon.es\/en\/"},{"@type":"ListItem","position":2,"name":"Learn about us","item":"https:\/\/www.carleearagon.es\/en\/about\/"},{"@type":"ListItem","position":3,"name":"Our objectives"}]},{"@type":"WebSite","@id":"https:\/\/www.carleearagon.es\/en\/#website","url":"https:\/\/www.carleearagon.es\/en\/","name":"Carlee Arag\u00f3n","description":"Centro Aragon\u00e9s de Lenguas Extranjeras para la Educaci\u00f3n","potentialAction":[{"@type":"SearchAction","target":{"@type":"EntryPoint","urlTemplate":"https:\/\/www.carleearagon.es\/en\/?s={search_term_string}"},"query-input":{"@type":"PropertyValueSpecification","valueRequired":true,"valueName":"search_term_string"}}],"inLanguage":"en-US"}]}},"_links":{"self":[{"href":"https:\/\/www.carleearagon.es\/en\/wp-json\/wp\/v2\/pages\/1106","targetHints":{"allow":["GET"]}}],"collection":[{"href":"https:\/\/www.carleearagon.es\/en\/wp-json\/wp\/v2\/pages"}],"about":[{"href":"https:\/\/www.carleearagon.es\/en\/wp-json\/wp\/v2\/types\/page"}],"author":[{"embeddable":true,"href":"https:\/\/www.carleearagon.es\/en\/wp-json\/wp\/v2\/users\/1"}],"replies":[{"embeddable":true,"href":"https:\/\/www.carleearagon.es\/en\/wp-json\/wp\/v2\/comments?post=1106"}],"version-history":[{"count":40,"href":"https:\/\/www.carleearagon.es\/en\/wp-json\/wp\/v2\/pages\/1106\/revisions"}],"predecessor-version":[{"id":7352,"href":"https:\/\/www.carleearagon.es\/en\/wp-json\/wp\/v2\/pages\/1106\/revisions\/7352"}],"up":[{"embeddable":true,"href":"https:\/\/www.carleearagon.es\/en\/wp-json\/wp\/v2\/pages\/1146"}],"wp:attachment":[{"href":"https:\/\/www.carleearagon.es\/en\/wp-json\/wp\/v2\/media?parent=1106"}],"curies":[{"name":"wp","href":"https:\/\/api.w.org\/{rel}","templated":true}]}}